{"id":1590,"date":"2020-11-07T18:05:21","date_gmt":"2020-11-07T18:05:21","guid":{"rendered":"https:\/\/torrentstlc.com\/serveis"},"modified":"2021-04-25T08:27:17","modified_gmt":"2021-04-25T08:27:17","slug":"serveis","status":"publish","type":"page","link":"https:\/\/torrentstlc.com\/ca\/serveis","title":{"rendered":"Serveis"},"content":{"rendered":"<p>[vc_row css_animation=&#8221;&#8221; row_type=&#8221;row&#8221; use_row_as_full_screen_section=&#8221;no&#8221; type=&#8221;full_width&#8221; angled_section=&#8221;no&#8221; text_align=&#8221;left&#8221; background_image_as_pattern=&#8221;without_pattern&#8221; z_index=&#8221;&#8221; padding_top=&#8221;84&#8243; padding_bottom=&#8221;84&#8243;][vc_column][vc_row_inner row_type=&#8221;row&#8221; type=&#8221;grid&#8221; text_align=&#8221;center&#8221; css_animation=&#8221;&#8221;][vc_column_inner width=&#8221;1\/6&#8243;][\/vc_column_inner][vc_column_inner width=&#8221;2\/3&#8243;][vc_column_text]<\/p>\n<h2><span style=\"color: #a893ff;\">T+L+C<\/span> = La nostra f\u00f3rmula de solucions al teu abast<\/h2>\n<p>&nbsp;<\/p>\n<p>Som una firma d&#8217;advocats, representants duaners i consultors multidisciplinaris especialitzats en l&#8217;assessorament legal internacional en comer\u00e7 exterior, dret duaner, dret mercantil i tributari, orientats a analitzar i buscar sinergies en les operatives comercials que permetin a les empreses optimitzar els recursos empresarials per fomentar la competitivitat, innovaci\u00f3 en procediments i l&#8217;estalvi de costos.<\/p>\n<p>&nbsp;<\/p>\n<p>Acompanyament integral des del disseny fins a la finalitzaci\u00f3 de les operatives enfocant-nos en \u00e0rees multidisciplinars amb multitud de variables i impacte en diferents \u00e0rees empresarials.[\/vc_column_text][\/vc_column_inner][vc_column_inner width=&#8221;1\/6&#8243;][\/vc_column_inner][\/vc_row_inner][\/vc_column][\/vc_row][vc_row css_animation=&#8221;&#8221; row_type=&#8221;row&#8221; use_row_as_full_screen_section=&#8221;no&#8221; type=&#8221;grid&#8221; angled_section=&#8221;no&#8221; text_align=&#8221;center&#8221; background_image_as_pattern=&#8221;without_pattern&#8221; z_index=&#8221;&#8221; padding_bottom=&#8221;40&#8243;][vc_column width=&#8221;1\/3&#8243;][vc_column_text css=&#8221;.vc_custom_1605460799311{padding-top: 42px !important;padding-right: 24px !important;padding-bottom: 42px !important;padding-left: 24px !important;background-color: #ffffff !important;}&#8221;]<\/p>\n<h1 style=\"font-family: serif; font-size: 56px; font-weight: 400;\"><span style=\"color: #a893ff;\">T<\/span><\/h1>\n<h2><a href=\"https:\/\/torrentstlc.com\/servicios\/tools-and-taxes\">Tools &amp; Tax<\/a><\/h2>\n<p>Potenciar i assegurar[\/vc_column_text][vc_separator type=&#8221;transparent&#8221; thickness=&#8221;24&#8243;][\/vc_column][vc_column width=&#8221;1\/3&#8243;][vc_column_text css=&#8221;.vc_custom_1605460808069{padding-top: 42px !important;padding-right: 24px !important;padding-bottom: 42px !important;padding-left: 24px !important;background-color: #ffffff !important;}&#8221;]<\/p>\n<h1 style=\"font-family: serif; font-size: 56px; font-weight: 400;\"><span style=\"color: #a893ff;\">L<\/span><\/h1>\n<h2><a href=\"https:\/\/torrentstlc.com\/servicios\/law\">Law<\/a><\/h2>\n<p>Suport i representaci\u00f3[\/vc_column_text][vc_separator type=&#8221;transparent&#8221; thickness=&#8221;24&#8243;][\/vc_column][vc_column width=&#8221;1\/3&#8243;][vc_column_text css=&#8221;.vc_custom_1605460819886{padding-top: 42px !important;padding-right: 24px !important;padding-bottom: 42px !important;padding-left: 24px !important;background-color: #ffffff !important;}&#8221;]<\/p>\n<h1 style=\"font-family: serif; font-size: 56px; font-weight: 400;\"><span style=\"color: #a893ff;\">C<\/span><\/h1>\n<h2><a href=\"https:\/\/torrentstlc.com\/servicios\/customs\">Customs<\/a><\/h2>\n<p>Acompanyar i optimitzar[\/vc_column_text][vc_separator type=&#8221;transparent&#8221; thickness=&#8221;24&#8243;][\/vc_column][\/vc_row]<\/p>\n","protected":false},"excerpt":{"rendered":"<p>[vc_row css_animation=&#8221;&#8221; row_type=&#8221;row&#8221; use_row_as_full_screen_section=&#8221;no&#8221; type=&#8221;full_width&#8221; angled_section=&#8221;no&#8221; text_align=&#8221;left&#8221; background_image_as_pattern=&#8221;without_pattern&#8221; z_index=&#8221;&#8221; padding_top=&#8221;84&#8243; padding_bottom=&#8221;84&#8243;][vc_column][vc_row_inner row_type=&#8221;row&#8221; type=&#8221;grid&#8221; text_align=&#8221;center&#8221; css_animation=&#8221;&#8221;][vc_column_inner width=&#8221;1\/6&#8243;][\/vc_column_inner][vc_column_inner width=&#8221;2\/3&#8243;][vc_column_text] T+L+C = La nostra f\u00f3rmula de solucions al teu abast &nbsp; Som una firma d&#8217;advocats, representants duaners i consultors multidisciplinaris especialitzats en l&#8217;assessorament legal internacional en comer\u00e7 exterior,&#8230;<\/p>\n","protected":false},"author":1,"featured_media":0,"parent":0,"menu_order":0,"comment_status":"closed","ping_status":"closed","template":"full_width.php","meta":{"footnotes":""},"class_list":["post-1590","page","type-page","status-publish","hentry"],"yoast_head":"<!-- This site is optimized with the Yoast SEO plugin v23.4 - https:\/\/yoast.com\/wordpress\/plugins\/seo\/ -->\n<title>Serveis - Torrents Law and Customs<\/title>\n<meta name=\"robots\" content=\"index, follow, max-snippet:-1, max-image-preview:large, max-video-preview:-1\" \/>\n<link rel=\"canonical\" href=\"https:\/\/torrentstlc.com\/ca\/serveis\" \/>\n<meta property=\"og:locale\" content=\"ca_ES\" \/>\n<meta property=\"og:type\" content=\"article\" \/>\n<meta property=\"og:title\" content=\"Serveis - Torrents Law and Customs\" \/>\n<meta property=\"og:description\" content=\"[vc_row css_animation=&#8221;&#8221; row_type=&#8221;row&#8221; use_row_as_full_screen_section=&#8221;no&#8221; type=&#8221;full_width&#8221; angled_section=&#8221;no&#8221; text_align=&#8221;left&#8221; background_image_as_pattern=&#8221;without_pattern&#8221; z_index=&#8221;&#8221; padding_top=&#8221;84&#8243; padding_bottom=&#8221;84&#8243;][vc_column][vc_row_inner row_type=&#8221;row&#8221; type=&#8221;grid&#8221; text_align=&#8221;center&#8221; css_animation=&#8221;&#8221;][vc_column_inner width=&#8221;1\/6&#8243;][\/vc_column_inner][vc_column_inner width=&#8221;2\/3&#8243;][vc_column_text] T+L+C = La nostra f\u00f3rmula de solucions al teu abast &nbsp; Som una firma d&#8217;advocats, representants duaners i consultors multidisciplinaris especialitzats en l&#8217;assessorament legal internacional en comer\u00e7 exterior,...\" \/>\n<meta property=\"og:url\" content=\"https:\/\/torrentstlc.com\/ca\/serveis\" \/>\n<meta property=\"og:site_name\" content=\"Torrents Law and Customs\" \/>\n<meta property=\"article:modified_time\" content=\"2021-04-25T08:27:17+00:00\" \/>\n<meta name=\"twitter:card\" content=\"summary_large_image\" \/>\n<meta name=\"twitter:label1\" content=\"Temps estimat de lectura\" \/>\n\t<meta name=\"twitter:data1\" content=\"2 minuts\" \/>\n<script type=\"application\/ld+json\" class=\"yoast-schema-graph\">{\"@context\":\"https:\/\/schema.org\",\"@graph\":[{\"@type\":\"WebPage\",\"@id\":\"https:\/\/torrentstlc.com\/ca\/serveis\",\"url\":\"https:\/\/torrentstlc.com\/ca\/serveis\",\"name\":\"Serveis - Torrents Law and Customs\",\"isPartOf\":{\"@id\":\"https:\/\/torrentstlc.com\/ca#website\"},\"datePublished\":\"2020-11-07T18:05:21+00:00\",\"dateModified\":\"2021-04-25T08:27:17+00:00\",\"breadcrumb\":{\"@id\":\"https:\/\/torrentstlc.com\/ca\/serveis#breadcrumb\"},\"inLanguage\":\"ca\",\"potentialAction\":[{\"@type\":\"ReadAction\",\"target\":[\"https:\/\/torrentstlc.com\/ca\/serveis\"]}]},{\"@type\":\"BreadcrumbList\",\"@id\":\"https:\/\/torrentstlc.com\/ca\/serveis#breadcrumb\",\"itemListElement\":[{\"@type\":\"ListItem\",\"position\":1,\"name\":\"Portada\",\"item\":\"https:\/\/torrentstlc.com\/ca\/inici\"},{\"@type\":\"ListItem\",\"position\":2,\"name\":\"Serveis\"}]},{\"@type\":\"WebSite\",\"@id\":\"https:\/\/torrentstlc.com\/ca#website\",\"url\":\"https:\/\/torrentstlc.com\/ca\",\"name\":\"Torrents Law and Customs\",\"description\":\"Comercio exterior e internacionalizaci\u00f3n\",\"potentialAction\":[{\"@type\":\"SearchAction\",\"target\":{\"@type\":\"EntryPoint\",\"urlTemplate\":\"https:\/\/torrentstlc.com\/ca?s={search_term_string}\"},\"query-input\":{\"@type\":\"PropertyValueSpecification\",\"valueRequired\":true,\"valueName\":\"search_term_string\"}}],\"inLanguage\":\"ca\"}]}<\/script>\n<!-- \/ Yoast SEO plugin. -->","yoast_head_json":{"title":"Serveis - Torrents Law and Customs","robots":{"index":"index","follow":"follow","max-snippet":"max-snippet:-1","max-image-preview":"max-image-preview:large","max-video-preview":"max-video-preview:-1"},"canonical":"https:\/\/torrentstlc.com\/ca\/serveis","og_locale":"ca_ES","og_type":"article","og_title":"Serveis - Torrents Law and Customs","og_description":"[vc_row css_animation=&#8221;&#8221; row_type=&#8221;row&#8221; use_row_as_full_screen_section=&#8221;no&#8221; type=&#8221;full_width&#8221; angled_section=&#8221;no&#8221; text_align=&#8221;left&#8221; background_image_as_pattern=&#8221;without_pattern&#8221; z_index=&#8221;&#8221; padding_top=&#8221;84&#8243; padding_bottom=&#8221;84&#8243;][vc_column][vc_row_inner row_type=&#8221;row&#8221; type=&#8221;grid&#8221; text_align=&#8221;center&#8221; css_animation=&#8221;&#8221;][vc_column_inner width=&#8221;1\/6&#8243;][\/vc_column_inner][vc_column_inner width=&#8221;2\/3&#8243;][vc_column_text] T+L+C = La nostra f\u00f3rmula de solucions al teu abast &nbsp; Som una firma d&#8217;advocats, representants duaners i consultors multidisciplinaris especialitzats en l&#8217;assessorament legal internacional en comer\u00e7 exterior,...","og_url":"https:\/\/torrentstlc.com\/ca\/serveis","og_site_name":"Torrents Law and Customs","article_modified_time":"2021-04-25T08:27:17+00:00","twitter_card":"summary_large_image","twitter_misc":{"Temps estimat de lectura":"2 minuts"},"schema":{"@context":"https:\/\/schema.org","@graph":[{"@type":"WebPage","@id":"https:\/\/torrentstlc.com\/ca\/serveis","url":"https:\/\/torrentstlc.com\/ca\/serveis","name":"Serveis - Torrents Law and Customs","isPartOf":{"@id":"https:\/\/torrentstlc.com\/ca#website"},"datePublished":"2020-11-07T18:05:21+00:00","dateModified":"2021-04-25T08:27:17+00:00","breadcrumb":{"@id":"https:\/\/torrentstlc.com\/ca\/serveis#breadcrumb"},"inLanguage":"ca","potentialAction":[{"@type":"ReadAction","target":["https:\/\/torrentstlc.com\/ca\/serveis"]}]},{"@type":"BreadcrumbList","@id":"https:\/\/torrentstlc.com\/ca\/serveis#breadcrumb","itemListElement":[{"@type":"ListItem","position":1,"name":"Portada","item":"https:\/\/torrentstlc.com\/ca\/inici"},{"@type":"ListItem","position":2,"name":"Serveis"}]},{"@type":"WebSite","@id":"https:\/\/torrentstlc.com\/ca#website","url":"https:\/\/torrentstlc.com\/ca","name":"Torrents Law and Customs","description":"Comercio exterior e internacionalizaci\u00f3n","potentialAction":[{"@type":"SearchAction","target":{"@type":"EntryPoint","urlTemplate":"https:\/\/torrentstlc.com\/ca?s={search_term_string}"},"query-input":{"@type":"PropertyValueSpecification","valueRequired":true,"valueName":"search_term_string"}}],"inLanguage":"ca"}]}},"_links":{"self":[{"href":"https:\/\/torrentstlc.com\/ca\/wp-json\/wp\/v2\/pages\/1590"}],"collection":[{"href":"https:\/\/torrentstlc.com\/ca\/wp-json\/wp\/v2\/pages"}],"about":[{"href":"https:\/\/torrentstlc.com\/ca\/wp-json\/wp\/v2\/types\/page"}],"author":[{"embeddable":true,"href":"https:\/\/torrentstlc.com\/ca\/wp-json\/wp\/v2\/users\/1"}],"replies":[{"embeddable":true,"href":"https:\/\/torrentstlc.com\/ca\/wp-json\/wp\/v2\/comments?post=1590"}],"version-history":[{"count":8,"href":"https:\/\/torrentstlc.com\/ca\/wp-json\/wp\/v2\/pages\/1590\/revisions"}],"predecessor-version":[{"id":2095,"href":"https:\/\/torrentstlc.com\/ca\/wp-json\/wp\/v2\/pages\/1590\/revisions\/2095"}],"wp:attachment":[{"href":"https:\/\/torrentstlc.com\/ca\/wp-json\/wp\/v2\/media?parent=1590"}],"curies":[{"name":"wp","href":"https:\/\/api.w.org\/{rel}","templated":true}]}}