{"id":2087,"date":"2020-11-07T18:16:47","date_gmt":"2020-11-07T18:16:47","guid":{"rendered":"https:\/\/torrentstlc.com\/contacte"},"modified":"2021-04-25T10:09:22","modified_gmt":"2021-04-25T10:09:22","slug":"contacte","status":"publish","type":"page","link":"https:\/\/torrentstlc.com\/ca\/contacte","title":{"rendered":"Contacte"},"content":{"rendered":"<p>[vc_row css_animation=&#8221;&#8221; row_type=&#8221;row&#8221; use_row_as_full_screen_section=&#8221;no&#8221; type=&#8221;full_width&#8221; angled_section=&#8221;no&#8221; text_align=&#8221;left&#8221; background_image_as_pattern=&#8221;without_pattern&#8221; z_index=&#8221;&#8221; padding_top=&#8221;84&#8243; padding_bottom=&#8221;84&#8243;][vc_column][vc_row_inner row_type=&#8221;row&#8221; type=&#8221;grid&#8221; text_align=&#8221;center&#8221; css_animation=&#8221;&#8221;][vc_column_inner width=&#8221;1\/6&#8243;][\/vc_column_inner][vc_column_inner width=&#8221;2\/3&#8243;][vc_column_text]<\/p>\n<h2>Contacte<\/h2>\n<p>&nbsp;<\/p>\n<p>Utilitzem tots els mitjans tecnol\u00f2gics i hum\u00e0 al nostre abast en nom de la qualitat, immediatesa i efici\u00e8ncia dels nostres serveis. Especialistes en tots aquells aspectes legals vinvulats al comer\u00e7 internacional.[\/vc_column_text][\/vc_column_inner][vc_column_inner width=&#8221;1\/6&#8243;][\/vc_column_inner][\/vc_row_inner][vc_separator type=&#8221;transparent&#8221; thickness=&#8221;48&#8243;][vc_row_inner row_type=&#8221;row&#8221; type=&#8221;grid&#8221; text_align=&#8221;left&#8221; css_animation=&#8221;&#8221;][vc_column_inner width=&#8221;1\/3&#8243;]<div class=\"q_icon_list\"><i class=\"qode_icon_font_awesome fa fa-location-arrow qode-ili-icon-holder circle\" style=\"color: #ffffff;background-color: #a893ff;\" ><\/i><p style=\"font-size: 16px;font-weight: 600;\">Direcci\u00f3<\/p><\/div>[vc_column_text]<a href=\"https:\/\/goo.gl\/maps\/AQ99Rm6JqqtN3nJm9\" target=\"_blank\" rel=\"noopener noreferrer\">C\/ Rep\u00fablica, 6, 08202, Sabadell<\/a>[\/vc_column_text][vc_separator type=&#8221;transparent&#8221; thickness=&#8221;12&#8243;]<div class=\"q_icon_list\"><i class=\"qode_icon_font_awesome fa fa-mobile qode-ili-icon-holder circle\" style=\"color: #ffffff;background-color: #a893ff;\" ><\/i><p style=\"font-size: 16px;font-weight: 600;\">M\u00f2bil<\/p><\/div>[vc_column_text]647 327 182[\/vc_column_text][vc_separator type=&#8221;transparent&#8221; thickness=&#8221;12&#8243;]<div class=\"q_icon_list\"><i class=\"qode_icon_font_awesome fa fa-phone qode-ili-icon-holder circle\" style=\"color: #ffffff;background-color: #a893ff;\" ><\/i><p style=\"font-size: 16px;font-weight: 600;\">Tel\u00e8fon<\/p><\/div>[vc_column_text](+34) 93 727 03 60[\/vc_column_text][vc_separator type=&#8221;transparent&#8221; thickness=&#8221;12&#8243;]<div class=\"q_icon_list\"><i class=\"qode_icon_font_awesome fa fa-envelope qode-ili-icon-holder circle\" style=\"color: #ffffff;background-color: #a893ff;\" ><\/i><p style=\"font-size: 16px;font-weight: 600;\">Email<\/p><\/div>[vc_column_text]internacional@torrentstlc.com[\/vc_column_text][vc_separator type=&#8221;transparent&#8221; thickness=&#8221;12&#8243;][\/vc_column_inner][vc_column_inner width=&#8221;2\/3&#8243;]\n<div class=\"wpcf7 no-js\" id=\"wpcf7-f141-o1\" lang=\"es-ES\" dir=\"ltr\">\n<div class=\"screen-reader-response\"><p role=\"status\" aria-live=\"polite\" aria-atomic=\"true\"><\/p> <ul><\/ul><\/div>\n<form action=\"\/ca\/wp-json\/wp\/v2\/pages\/2087#wpcf7-f141-o1\" method=\"post\" class=\"wpcf7-form init cf7_custom_style_1\" aria-label=\"Formulario de contacto\" novalidate=\"novalidate\" data-status=\"init\">\n<div style=\"display: none;\">\n<input type=\"hidden\" name=\"_wpcf7\" value=\"141\" \/>\n<input type=\"hidden\" name=\"_wpcf7_version\" value=\"5.9.8\" \/>\n<input type=\"hidden\" name=\"_wpcf7_locale\" value=\"es_ES\" \/>\n<input type=\"hidden\" name=\"_wpcf7_unit_tag\" value=\"wpcf7-f141-o1\" \/>\n<input type=\"hidden\" name=\"_wpcf7_container_post\" value=\"0\" \/>\n<input type=\"hidden\" name=\"_wpcf7_posted_data_hash\" value=\"\" \/>\n<input type=\"hidden\" name=\"_wpcf7_recaptcha_response\" value=\"\" \/>\n<\/div>\n<p><label> Tu nombre<br \/>\n<span class=\"wpcf7-form-control-wrap\" data-name=\"your-name\"><input size=\"40\" maxlength=\"400\" class=\"wpcf7-form-control wpcf7-text wpcf7-validates-as-required\" aria-required=\"true\" aria-invalid=\"false\" value=\"\" type=\"text\" name=\"your-name\" \/><\/span> <\/label>\n<\/p>\n<p><label> Tu correo electr\u00f3nico<br \/>\n<span class=\"wpcf7-form-control-wrap\" data-name=\"your-email\"><input size=\"40\" maxlength=\"400\" class=\"wpcf7-form-control wpcf7-email wpcf7-validates-as-required wpcf7-text wpcf7-validates-as-email\" aria-required=\"true\" aria-invalid=\"false\" value=\"\" type=\"email\" name=\"your-email\" \/><\/span> <\/label>\n<\/p>\n<p><label> Tel\u00e9fono<br \/>\n<span class=\"wpcf7-form-control-wrap\" data-name=\"tel-939\"><input size=\"40\" maxlength=\"400\" class=\"wpcf7-form-control wpcf7-tel wpcf7-text wpcf7-validates-as-tel\" aria-invalid=\"false\" value=\"\" type=\"tel\" name=\"tel-939\" \/><\/span> <\/label>\n<\/p>\n<p><label> Asunto<br \/>\n<span class=\"wpcf7-form-control-wrap\" data-name=\"your-subject\"><input size=\"40\" maxlength=\"400\" class=\"wpcf7-form-control wpcf7-text wpcf7-validates-as-required\" aria-required=\"true\" aria-invalid=\"false\" value=\"\" type=\"text\" name=\"your-subject\" \/><\/span> <\/label>\n<\/p>\n<p><label> Tu mensaje<br \/>\n<span class=\"wpcf7-form-control-wrap\" data-name=\"your-message\"><textarea cols=\"40\" rows=\"10\" maxlength=\"2000\" class=\"wpcf7-form-control wpcf7-textarea wpcf7-validates-as-required\" aria-required=\"true\" aria-invalid=\"false\" name=\"your-message\"><\/textarea><\/span> <\/label>\n<\/p>\n<p><span class=\"wpcf7-form-control-wrap\" data-name=\"acceptance-696\"><span class=\"wpcf7-form-control wpcf7-acceptance\"><span class=\"wpcf7-list-item\"><label><input type=\"checkbox\" name=\"acceptance-696\" value=\"1\" aria-invalid=\"false\" \/><span class=\"wpcf7-list-item-label\">Al hacer click en ENVIAR declara conocer, entender y aceptar la pol\u00edtica de privacidad<\/span><\/label><\/span><\/span><\/span>\n<\/p>\n<p style=\"text-align: justify; font-size: .8rem\"><br \/>\nEl responsable del tratamiento de sus datos personales es TORRENTS LAW&CUSTOMS, S.L.P., quien los tratar\u00e1 con la finalidad de gestionar su consulta y\/o petici\u00f3n de informaci\u00f3n, as\u00ed como para gestionar los env\u00edos de comunicaciones comerciales, incluyendo el env\u00edo de informaci\u00f3n sobre novedades legales y eventos promovidos, sobre la base de Inter\u00e9s leg\u00edtimo y a la relaci\u00f3n contractual de prestaci\u00f3n de servicios, aun cuando el servicio solicitado sea gratuito. Los datos se conservar\u00e1n el tiempo necesario para hasta la resoluci\u00f3n de su solicitud de informaci\u00f3n o mientras perdure la relaci\u00f3n comercial. No se ceder\u00e1n sus datos personales a terceros salvo obligaci\u00f3n legal ni se realizar\u00e1n transferencia internacional de datos. TORRENTS LAW&CUSTOMS, S.L.P implementar\u00e1 medidas t\u00e9cnicas y organizativas adecuadas para garantizar la seguridad de sus datos Usted podr\u00e1 ejercitar los derechos de acceso, rectificaci\u00f3n o supresi\u00f3n, oposici\u00f3n, limitaci\u00f3n del tratamiento y portabilidad reconocidos en la normativa vigente en cualquier momento de conformidad con nuestra <a href=\"https:\/\/torrentstlc.com\/politica-de-proteccion-de-datos\" target=\"_blank\">Pol\u00edtica de protecci\u00f3n de datos<\/a>\n<\/p>\n<p><input class=\"wpcf7-form-control wpcf7-submit has-spinner\" type=\"submit\" value=\"Enviar\" \/>\n<\/p><div class=\"wpcf7-response-output\" aria-hidden=\"true\"><\/div>\n<\/form>\n<\/div>\n[\/vc_column_inner][\/vc_row_inner][\/vc_column][\/vc_row]<\/p>\n","protected":false},"excerpt":{"rendered":"<p>[vc_row css_animation=&#8221;&#8221; row_type=&#8221;row&#8221; use_row_as_full_screen_section=&#8221;no&#8221; type=&#8221;full_width&#8221; angled_section=&#8221;no&#8221; text_align=&#8221;left&#8221; background_image_as_pattern=&#8221;without_pattern&#8221; z_index=&#8221;&#8221; padding_top=&#8221;84&#8243; padding_bottom=&#8221;84&#8243;][vc_column][vc_row_inner row_type=&#8221;row&#8221; type=&#8221;grid&#8221; text_align=&#8221;center&#8221; css_animation=&#8221;&#8221;][vc_column_inner width=&#8221;1\/6&#8243;][\/vc_column_inner][vc_column_inner width=&#8221;2\/3&#8243;][vc_column_text] Contacte &nbsp; Utilitzem tots els mitjans tecnol\u00f2gics i hum\u00e0 al nostre abast en nom de la qualitat, immediatesa i efici\u00e8ncia dels nostres serveis. Especialistes en tots aquells aspectes&#8230;<\/p>\n","protected":false},"author":1,"featured_media":0,"parent":0,"menu_order":0,"comment_status":"closed","ping_status":"closed","template":"full_width.php","meta":{"footnotes":""},"class_list":["post-2087","page","type-page","status-publish","hentry"],"yoast_head":"<!-- This site is optimized with the Yoast SEO plugin v23.4 - https:\/\/yoast.com\/wordpress\/plugins\/seo\/ -->\n<title>Contacte - Torrents Law and Customs<\/title>\n<meta name=\"robots\" content=\"index, follow, max-snippet:-1, max-image-preview:large, max-video-preview:-1\" \/>\n<link rel=\"canonical\" href=\"https:\/\/torrentstlc.com\/ca\/contacte\" \/>\n<meta property=\"og:locale\" content=\"ca_ES\" \/>\n<meta property=\"og:type\" content=\"article\" \/>\n<meta property=\"og:title\" content=\"Contacte - Torrents Law and Customs\" \/>\n<meta property=\"og:description\" content=\"[vc_row css_animation=&#8221;&#8221; row_type=&#8221;row&#8221; use_row_as_full_screen_section=&#8221;no&#8221; type=&#8221;full_width&#8221; angled_section=&#8221;no&#8221; text_align=&#8221;left&#8221; background_image_as_pattern=&#8221;without_pattern&#8221; z_index=&#8221;&#8221; padding_top=&#8221;84&#8243; padding_bottom=&#8221;84&#8243;][vc_column][vc_row_inner row_type=&#8221;row&#8221; type=&#8221;grid&#8221; text_align=&#8221;center&#8221; css_animation=&#8221;&#8221;][vc_column_inner width=&#8221;1\/6&#8243;][\/vc_column_inner][vc_column_inner width=&#8221;2\/3&#8243;][vc_column_text] Contacte &nbsp; Utilitzem tots els mitjans tecnol\u00f2gics i hum\u00e0 al nostre abast en nom de la qualitat, immediatesa i efici\u00e8ncia dels nostres serveis. Especialistes en tots aquells aspectes...\" \/>\n<meta property=\"og:url\" content=\"https:\/\/torrentstlc.com\/ca\/contacte\" \/>\n<meta property=\"og:site_name\" content=\"Torrents Law and Customs\" \/>\n<meta property=\"article:modified_time\" content=\"2021-04-25T10:09:22+00:00\" \/>\n<meta name=\"twitter:card\" content=\"summary_large_image\" \/>\n<meta name=\"twitter:label1\" content=\"Temps estimat de lectura\" \/>\n\t<meta name=\"twitter:data1\" content=\"2 minuts\" \/>\n<script type=\"application\/ld+json\" class=\"yoast-schema-graph\">{\"@context\":\"https:\/\/schema.org\",\"@graph\":[{\"@type\":\"WebPage\",\"@id\":\"https:\/\/torrentstlc.com\/ca\/contacte\",\"url\":\"https:\/\/torrentstlc.com\/ca\/contacte\",\"name\":\"Contacte - Torrents Law and Customs\",\"isPartOf\":{\"@id\":\"https:\/\/torrentstlc.com\/ca#website\"},\"datePublished\":\"2020-11-07T18:16:47+00:00\",\"dateModified\":\"2021-04-25T10:09:22+00:00\",\"breadcrumb\":{\"@id\":\"https:\/\/torrentstlc.com\/ca\/contacte#breadcrumb\"},\"inLanguage\":\"ca\",\"potentialAction\":[{\"@type\":\"ReadAction\",\"target\":[\"https:\/\/torrentstlc.com\/ca\/contacte\"]}]},{\"@type\":\"BreadcrumbList\",\"@id\":\"https:\/\/torrentstlc.com\/ca\/contacte#breadcrumb\",\"itemListElement\":[{\"@type\":\"ListItem\",\"position\":1,\"name\":\"Portada\",\"item\":\"https:\/\/torrentstlc.com\/ca\/inici\"},{\"@type\":\"ListItem\",\"position\":2,\"name\":\"Contacte\"}]},{\"@type\":\"WebSite\",\"@id\":\"https:\/\/torrentstlc.com\/ca#website\",\"url\":\"https:\/\/torrentstlc.com\/ca\",\"name\":\"Torrents Law and Customs\",\"description\":\"Comercio exterior e internacionalizaci\u00f3n\",\"potentialAction\":[{\"@type\":\"SearchAction\",\"target\":{\"@type\":\"EntryPoint\",\"urlTemplate\":\"https:\/\/torrentstlc.com\/ca?s={search_term_string}\"},\"query-input\":{\"@type\":\"PropertyValueSpecification\",\"valueRequired\":true,\"valueName\":\"search_term_string\"}}],\"inLanguage\":\"ca\"}]}<\/script>\n<!-- \/ Yoast SEO plugin. -->","yoast_head_json":{"title":"Contacte - Torrents Law and Customs","robots":{"index":"index","follow":"follow","max-snippet":"max-snippet:-1","max-image-preview":"max-image-preview:large","max-video-preview":"max-video-preview:-1"},"canonical":"https:\/\/torrentstlc.com\/ca\/contacte","og_locale":"ca_ES","og_type":"article","og_title":"Contacte - Torrents Law and Customs","og_description":"[vc_row css_animation=&#8221;&#8221; row_type=&#8221;row&#8221; use_row_as_full_screen_section=&#8221;no&#8221; type=&#8221;full_width&#8221; angled_section=&#8221;no&#8221; text_align=&#8221;left&#8221; background_image_as_pattern=&#8221;without_pattern&#8221; z_index=&#8221;&#8221; padding_top=&#8221;84&#8243; padding_bottom=&#8221;84&#8243;][vc_column][vc_row_inner row_type=&#8221;row&#8221; type=&#8221;grid&#8221; text_align=&#8221;center&#8221; css_animation=&#8221;&#8221;][vc_column_inner width=&#8221;1\/6&#8243;][\/vc_column_inner][vc_column_inner width=&#8221;2\/3&#8243;][vc_column_text] Contacte &nbsp; Utilitzem tots els mitjans tecnol\u00f2gics i hum\u00e0 al nostre abast en nom de la qualitat, immediatesa i efici\u00e8ncia dels nostres serveis. Especialistes en tots aquells aspectes...","og_url":"https:\/\/torrentstlc.com\/ca\/contacte","og_site_name":"Torrents Law and Customs","article_modified_time":"2021-04-25T10:09:22+00:00","twitter_card":"summary_large_image","twitter_misc":{"Temps estimat de lectura":"2 minuts"},"schema":{"@context":"https:\/\/schema.org","@graph":[{"@type":"WebPage","@id":"https:\/\/torrentstlc.com\/ca\/contacte","url":"https:\/\/torrentstlc.com\/ca\/contacte","name":"Contacte - Torrents Law and Customs","isPartOf":{"@id":"https:\/\/torrentstlc.com\/ca#website"},"datePublished":"2020-11-07T18:16:47+00:00","dateModified":"2021-04-25T10:09:22+00:00","breadcrumb":{"@id":"https:\/\/torrentstlc.com\/ca\/contacte#breadcrumb"},"inLanguage":"ca","potentialAction":[{"@type":"ReadAction","target":["https:\/\/torrentstlc.com\/ca\/contacte"]}]},{"@type":"BreadcrumbList","@id":"https:\/\/torrentstlc.com\/ca\/contacte#breadcrumb","itemListElement":[{"@type":"ListItem","position":1,"name":"Portada","item":"https:\/\/torrentstlc.com\/ca\/inici"},{"@type":"ListItem","position":2,"name":"Contacte"}]},{"@type":"WebSite","@id":"https:\/\/torrentstlc.com\/ca#website","url":"https:\/\/torrentstlc.com\/ca","name":"Torrents Law and Customs","description":"Comercio exterior e internacionalizaci\u00f3n","potentialAction":[{"@type":"SearchAction","target":{"@type":"EntryPoint","urlTemplate":"https:\/\/torrentstlc.com\/ca?s={search_term_string}"},"query-input":{"@type":"PropertyValueSpecification","valueRequired":true,"valueName":"search_term_string"}}],"inLanguage":"ca"}]}},"_links":{"self":[{"href":"https:\/\/torrentstlc.com\/ca\/wp-json\/wp\/v2\/pages\/2087"}],"collection":[{"href":"https:\/\/torrentstlc.com\/ca\/wp-json\/wp\/v2\/pages"}],"about":[{"href":"https:\/\/torrentstlc.com\/ca\/wp-json\/wp\/v2\/types\/page"}],"author":[{"embeddable":true,"href":"https:\/\/torrentstlc.com\/ca\/wp-json\/wp\/v2\/users\/1"}],"replies":[{"embeddable":true,"href":"https:\/\/torrentstlc.com\/ca\/wp-json\/wp\/v2\/comments?post=2087"}],"version-history":[{"count":10,"href":"https:\/\/torrentstlc.com\/ca\/wp-json\/wp\/v2\/pages\/2087\/revisions"}],"predecessor-version":[{"id":2202,"href":"https:\/\/torrentstlc.com\/ca\/wp-json\/wp\/v2\/pages\/2087\/revisions\/2202"}],"wp:attachment":[{"href":"https:\/\/torrentstlc.com\/ca\/wp-json\/wp\/v2\/media?parent=2087"}],"curies":[{"name":"wp","href":"https:\/\/api.w.org\/{rel}","templated":true}]}}