{"id":2096,"date":"2020-11-15T16:19:54","date_gmt":"2020-11-15T16:19:54","guid":{"rendered":"https:\/\/torrentstlc.com\/formacio"},"modified":"2021-04-25T08:33:16","modified_gmt":"2021-04-25T08:33:16","slug":"formacio","status":"publish","type":"page","link":"https:\/\/torrentstlc.com\/ca\/formacio","title":{"rendered":"Formaci\u00f3"},"content":{"rendered":"<p>[vc_row css_animation=&#8221;&#8221; row_type=&#8221;row&#8221; use_row_as_full_screen_section=&#8221;no&#8221; type=&#8221;full_width&#8221; angled_section=&#8221;no&#8221; text_align=&#8221;left&#8221; background_image_as_pattern=&#8221;without_pattern&#8221; z_index=&#8221;&#8221; padding_top=&#8221;84&#8243; padding_bottom=&#8221;84&#8243;][vc_column][vc_row_inner row_type=&#8221;row&#8221; type=&#8221;grid&#8221; text_align=&#8221;center&#8221; css_animation=&#8221;&#8221;][vc_column_inner width=&#8221;1\/6&#8243;][\/vc_column_inner][vc_column_inner width=&#8221;2\/3&#8243;][vc_column_text]<\/p>\n<h2>Formaci\u00f3<\/h2>\n<p>&nbsp;<\/p>\n<h3>Treballadors: el centro de la teva empresa<\/h3>\n<p>&nbsp;<\/p>\n<p><span style=\"color: #a893ff;\"><strong>Assentar les bases<\/strong><\/span><\/p>\n<p>&nbsp;<\/p>\n<p>Millorar les compet\u00e8ncies del personal que integra l&#8217;empresa permet millorar el capital social, els coneixements, habilitats i actituds de les persones el que contribueix a incrementar la competitivitat de l&#8217;empresa, actuar amb rigor i seguretat, aix\u00ed com disposar de perfils polivalents.<\/p>\n<p>[\/vc_column_text][\/vc_column_inner][vc_column_inner width=&#8221;1\/6&#8243;][\/vc_column_inner][\/vc_row_inner][\/vc_column][\/vc_row][vc_row css_animation=&#8221;&#8221; row_type=&#8221;row&#8221; use_row_as_full_screen_section=&#8221;no&#8221; type=&#8221;full_width&#8221; angled_section=&#8221;no&#8221; text_align=&#8221;left&#8221; background_image_as_pattern=&#8221;without_pattern&#8221; z_index=&#8221;&#8221; padding_top=&#8221;84&#8243; padding_bottom=&#8221;84&#8243; background_color=&#8221;#ffffff&#8221;][vc_column][vc_row_inner row_type=&#8221;row&#8221; type=&#8221;grid&#8221; text_align=&#8221;left&#8221; css_animation=&#8221;&#8221;][vc_column_inner width=&#8221;1\/3&#8243;][vc_column_text]<\/p>\n<h2>No us perdeu les nostres sessions!<\/h2>\n<p>&nbsp;<\/p>\n<p><span style=\"color: #a893ff;\">Experi\u00e8ncia i know-how<\/span> en les nostres activitats[\/vc_column_text][vc_separator type=&#8221;transparent&#8221; thickness=&#8221;24&#8243;]<a  itemprop=\"url\" href=\"https:\/\/torrentstlc.com\/agenda\" target=\"_self\"  class=\"qbutton  large center default\" style=\"\">Veure m\u00e9s esdeveniments<\/a>[vc_separator type=&#8221;transparent&#8221; thickness=&#8221;24&#8243;]<a  itemprop=\"url\" href=\"https:\/\/torrentstlc.com\/formacion\/cursos\" target=\"_self\"  class=\"qbutton  large center default\" style=\"\">Cursos actius<\/a>[vc_separator type=&#8221;transparent&#8221; thickness=&#8221;24&#8243;][\/vc_column_inner][vc_column_inner width=&#8221;2\/3&#8243;][vc_basic_grid post_type=&#8221;post&#8221; max_items=&#8221;2&#8243; element_width=&#8221;6&#8243; gap=&#8221;20&#8243; item=&#8221;424&#8243; initial_loading_animation=&#8221;none&#8221; grid_id=&#8221;vc_gid:1617728019601-77c50a3c-bdc9-8&#8243; taxonomies=&#8221;5&#8243;][\/vc_column_inner][\/vc_row_inner][\/vc_column][\/vc_row][vc_row css_animation=&#8221;&#8221; row_type=&#8221;row&#8221; use_row_as_full_screen_section=&#8221;no&#8221; type=&#8221;full_width&#8221; angled_section=&#8221;no&#8221; text_align=&#8221;left&#8221; background_image_as_pattern=&#8221;without_pattern&#8221; z_index=&#8221;&#8221; padding_top=&#8221;84&#8243; padding_bottom=&#8221;84&#8243; background_color=&#8221;#ffffff&#8221;][vc_column][vc_row_inner row_type=&#8221;row&#8221; type=&#8221;grid&#8221; text_align=&#8221;left&#8221; css_animation=&#8221;&#8221;][vc_column_inner width=&#8221;1\/6&#8243;][\/vc_column_inner][vc_column_inner width=&#8221;2\/3&#8243;]<div class='q_list circle'>La internacionalitzaci\u00f3 d&#8217;una empresa afecta el conjunt de el model de negoci i multitud d&#8217;\u00e0rees. Disposar dels coneixements, eines i fonts d&#8217;informaci\u00f3 \u00e9s essencial per a operar en qualsevol mercat.<\/p>\n<p>&nbsp;<\/p>\n<p>Oferim una varietat de cursos sota diferents modalitats prioritzant la qualitat i excel\u00b7l\u00e8ncia de l&#8217;servei:<\/p>\n<p>&nbsp;<\/p>\n<ul>\n<li>Sessions i jornades<\/li>\n<li>Formaci\u00f3 a mida<\/li>\n<li>Presencial<\/li>\n<li>Online<\/li>\n<li>Sessions de networking<\/li>\n<li>Grups de treball<\/li>\n<li>Estudi de casos<\/li>\n<\/ul>\n<p><\/div>[\/vc_column_inner][vc_column_inner width=&#8221;1\/6&#8243;][\/vc_column_inner][\/vc_row_inner][\/vc_column][\/vc_row][vc_row css_animation=&#8221;&#8221; row_type=&#8221;row&#8221; use_row_as_full_screen_section=&#8221;no&#8221; type=&#8221;full_width&#8221; angled_section=&#8221;no&#8221; text_align=&#8221;left&#8221; background_image_as_pattern=&#8221;without_pattern&#8221; z_index=&#8221;&#8221; padding_top=&#8221;84&#8243; padding_bottom=&#8221;84&#8243; background_color=&#8221;#ffffff&#8221;][vc_column][vc_row_inner row_type=&#8221;row&#8221; type=&#8221;grid&#8221; text_align=&#8221;left&#8221; css_animation=&#8221;&#8221;][vc_column_inner width=&#8221;1\/6&#8243;][\/vc_column_inner][vc_column_inner width=&#8221;2\/3&#8243;]<div class='q_list circle'>Donem respostes formatives a les necessitats concretes del dia a dia dels professionals. T&#8217;ajudem a analitzar els llocs de treball de la teva empresa per definir i establir conjuntament les necessitats formatives dels teus treballadors, i d&#8217;aquesta manera poder dissenyar un pla de formaci\u00f3 espec\u00edfic amb les compet\u00e8ncies clau necess\u00e0ries per a la teva empresa:<\/p>\n<p>&nbsp;<\/p>\n<ul>\n<li>La formaci\u00f3 s&#8217;adapta directament als objectius de l&#8217;empresa<\/li>\n<li>Genera un clima positiu entre els treballadors i augmenta la cohesi\u00f3<\/li>\n<li>Permet la m\u00e0xima flexibilitat<\/li>\n<li>Ens adaptem a el temps i disponibilitat de l&#8217;equip: cursos de diferent durada<\/li>\n<li>Usats diverses metodologies, formats i plataformes per buscar la millor opci\u00f3<\/li>\n<li>Complementem la formaci\u00f3 amb eines i aplicacions que permetin fomentar la interacci\u00f3 i motivaci\u00f3 de l&#8217;equip<\/li>\n<li>Avaluem els resultats i indiquem futures accions de seguiment<\/li>\n<li>Homologaci\u00f3 com a centre formatiu<\/li>\n<\/ul>\n<p><\/div>[\/vc_column_inner][vc_column_inner width=&#8221;1\/6&#8243;][\/vc_column_inner][\/vc_row_inner][\/vc_column][\/vc_row]<\/p>\n","protected":false},"excerpt":{"rendered":"<p>[vc_row css_animation=&#8221;&#8221; row_type=&#8221;row&#8221; use_row_as_full_screen_section=&#8221;no&#8221; type=&#8221;full_width&#8221; angled_section=&#8221;no&#8221; text_align=&#8221;left&#8221; background_image_as_pattern=&#8221;without_pattern&#8221; z_index=&#8221;&#8221; padding_top=&#8221;84&#8243; padding_bottom=&#8221;84&#8243;][vc_column][vc_row_inner row_type=&#8221;row&#8221; type=&#8221;grid&#8221; text_align=&#8221;center&#8221; css_animation=&#8221;&#8221;][vc_column_inner width=&#8221;1\/6&#8243;][\/vc_column_inner][vc_column_inner width=&#8221;2\/3&#8243;][vc_column_text] Formaci\u00f3 &nbsp; Treballadors: el centro de la teva empresa &nbsp; Assentar les bases &nbsp; Millorar les compet\u00e8ncies del personal que integra l&#8217;empresa permet millorar el capital social, els&#8230;<\/p>\n","protected":false},"author":1,"featured_media":0,"parent":0,"menu_order":0,"comment_status":"closed","ping_status":"closed","template":"full_width.php","meta":{"footnotes":""},"class_list":["post-2096","page","type-page","status-publish","hentry"],"yoast_head":"<!-- This site is optimized with the Yoast SEO plugin v23.4 - https:\/\/yoast.com\/wordpress\/plugins\/seo\/ -->\n<title>Formaci\u00f3 - Torrents Law and Customs<\/title>\n<meta name=\"robots\" content=\"index, follow, max-snippet:-1, max-image-preview:large, max-video-preview:-1\" \/>\n<link rel=\"canonical\" href=\"https:\/\/torrentstlc.com\/ca\/formacio\" \/>\n<meta property=\"og:locale\" content=\"ca_ES\" \/>\n<meta property=\"og:type\" content=\"article\" \/>\n<meta property=\"og:title\" content=\"Formaci\u00f3 - Torrents Law and Customs\" \/>\n<meta property=\"og:description\" content=\"[vc_row css_animation=&#8221;&#8221; row_type=&#8221;row&#8221; use_row_as_full_screen_section=&#8221;no&#8221; type=&#8221;full_width&#8221; angled_section=&#8221;no&#8221; text_align=&#8221;left&#8221; background_image_as_pattern=&#8221;without_pattern&#8221; z_index=&#8221;&#8221; padding_top=&#8221;84&#8243; padding_bottom=&#8221;84&#8243;][vc_column][vc_row_inner row_type=&#8221;row&#8221; type=&#8221;grid&#8221; text_align=&#8221;center&#8221; css_animation=&#8221;&#8221;][vc_column_inner width=&#8221;1\/6&#8243;][\/vc_column_inner][vc_column_inner width=&#8221;2\/3&#8243;][vc_column_text] Formaci\u00f3 &nbsp; Treballadors: el centro de la teva empresa &nbsp; Assentar les bases &nbsp; Millorar les compet\u00e8ncies del personal que integra l&#8217;empresa permet millorar el capital social, els...\" \/>\n<meta property=\"og:url\" content=\"https:\/\/torrentstlc.com\/ca\/formacio\" \/>\n<meta property=\"og:site_name\" content=\"Torrents Law and Customs\" \/>\n<meta property=\"article:modified_time\" content=\"2021-04-25T08:33:16+00:00\" \/>\n<meta name=\"twitter:card\" content=\"summary_large_image\" \/>\n<meta name=\"twitter:label1\" content=\"Temps estimat de lectura\" \/>\n\t<meta name=\"twitter:data1\" content=\"4 minuts\" \/>\n<script type=\"application\/ld+json\" class=\"yoast-schema-graph\">{\"@context\":\"https:\/\/schema.org\",\"@graph\":[{\"@type\":\"WebPage\",\"@id\":\"https:\/\/torrentstlc.com\/ca\/formacio\",\"url\":\"https:\/\/torrentstlc.com\/ca\/formacio\",\"name\":\"Formaci\u00f3 - Torrents Law and Customs\",\"isPartOf\":{\"@id\":\"https:\/\/torrentstlc.com\/ca#website\"},\"datePublished\":\"2020-11-15T16:19:54+00:00\",\"dateModified\":\"2021-04-25T08:33:16+00:00\",\"breadcrumb\":{\"@id\":\"https:\/\/torrentstlc.com\/ca\/formacio#breadcrumb\"},\"inLanguage\":\"ca\",\"potentialAction\":[{\"@type\":\"ReadAction\",\"target\":[\"https:\/\/torrentstlc.com\/ca\/formacio\"]}]},{\"@type\":\"BreadcrumbList\",\"@id\":\"https:\/\/torrentstlc.com\/ca\/formacio#breadcrumb\",\"itemListElement\":[{\"@type\":\"ListItem\",\"position\":1,\"name\":\"Portada\",\"item\":\"https:\/\/torrentstlc.com\/ca\/inici\"},{\"@type\":\"ListItem\",\"position\":2,\"name\":\"Formaci\u00f3\"}]},{\"@type\":\"WebSite\",\"@id\":\"https:\/\/torrentstlc.com\/ca#website\",\"url\":\"https:\/\/torrentstlc.com\/ca\",\"name\":\"Torrents Law and Customs\",\"description\":\"Comercio exterior e internacionalizaci\u00f3n\",\"potentialAction\":[{\"@type\":\"SearchAction\",\"target\":{\"@type\":\"EntryPoint\",\"urlTemplate\":\"https:\/\/torrentstlc.com\/ca?s={search_term_string}\"},\"query-input\":{\"@type\":\"PropertyValueSpecification\",\"valueRequired\":true,\"valueName\":\"search_term_string\"}}],\"inLanguage\":\"ca\"}]}<\/script>\n<!-- \/ Yoast SEO plugin. -->","yoast_head_json":{"title":"Formaci\u00f3 - Torrents Law and Customs","robots":{"index":"index","follow":"follow","max-snippet":"max-snippet:-1","max-image-preview":"max-image-preview:large","max-video-preview":"max-video-preview:-1"},"canonical":"https:\/\/torrentstlc.com\/ca\/formacio","og_locale":"ca_ES","og_type":"article","og_title":"Formaci\u00f3 - Torrents Law and Customs","og_description":"[vc_row css_animation=&#8221;&#8221; row_type=&#8221;row&#8221; use_row_as_full_screen_section=&#8221;no&#8221; type=&#8221;full_width&#8221; angled_section=&#8221;no&#8221; text_align=&#8221;left&#8221; background_image_as_pattern=&#8221;without_pattern&#8221; z_index=&#8221;&#8221; padding_top=&#8221;84&#8243; padding_bottom=&#8221;84&#8243;][vc_column][vc_row_inner row_type=&#8221;row&#8221; type=&#8221;grid&#8221; text_align=&#8221;center&#8221; css_animation=&#8221;&#8221;][vc_column_inner width=&#8221;1\/6&#8243;][\/vc_column_inner][vc_column_inner width=&#8221;2\/3&#8243;][vc_column_text] Formaci\u00f3 &nbsp; Treballadors: el centro de la teva empresa &nbsp; Assentar les bases &nbsp; Millorar les compet\u00e8ncies del personal que integra l&#8217;empresa permet millorar el capital social, els...","og_url":"https:\/\/torrentstlc.com\/ca\/formacio","og_site_name":"Torrents Law and Customs","article_modified_time":"2021-04-25T08:33:16+00:00","twitter_card":"summary_large_image","twitter_misc":{"Temps estimat de lectura":"4 minuts"},"schema":{"@context":"https:\/\/schema.org","@graph":[{"@type":"WebPage","@id":"https:\/\/torrentstlc.com\/ca\/formacio","url":"https:\/\/torrentstlc.com\/ca\/formacio","name":"Formaci\u00f3 - Torrents Law and Customs","isPartOf":{"@id":"https:\/\/torrentstlc.com\/ca#website"},"datePublished":"2020-11-15T16:19:54+00:00","dateModified":"2021-04-25T08:33:16+00:00","breadcrumb":{"@id":"https:\/\/torrentstlc.com\/ca\/formacio#breadcrumb"},"inLanguage":"ca","potentialAction":[{"@type":"ReadAction","target":["https:\/\/torrentstlc.com\/ca\/formacio"]}]},{"@type":"BreadcrumbList","@id":"https:\/\/torrentstlc.com\/ca\/formacio#breadcrumb","itemListElement":[{"@type":"ListItem","position":1,"name":"Portada","item":"https:\/\/torrentstlc.com\/ca\/inici"},{"@type":"ListItem","position":2,"name":"Formaci\u00f3"}]},{"@type":"WebSite","@id":"https:\/\/torrentstlc.com\/ca#website","url":"https:\/\/torrentstlc.com\/ca","name":"Torrents Law and Customs","description":"Comercio exterior e internacionalizaci\u00f3n","potentialAction":[{"@type":"SearchAction","target":{"@type":"EntryPoint","urlTemplate":"https:\/\/torrentstlc.com\/ca?s={search_term_string}"},"query-input":{"@type":"PropertyValueSpecification","valueRequired":true,"valueName":"search_term_string"}}],"inLanguage":"ca"}]}},"_links":{"self":[{"href":"https:\/\/torrentstlc.com\/ca\/wp-json\/wp\/v2\/pages\/2096"}],"collection":[{"href":"https:\/\/torrentstlc.com\/ca\/wp-json\/wp\/v2\/pages"}],"about":[{"href":"https:\/\/torrentstlc.com\/ca\/wp-json\/wp\/v2\/types\/page"}],"author":[{"embeddable":true,"href":"https:\/\/torrentstlc.com\/ca\/wp-json\/wp\/v2\/users\/1"}],"replies":[{"embeddable":true,"href":"https:\/\/torrentstlc.com\/ca\/wp-json\/wp\/v2\/comments?post=2096"}],"version-history":[{"count":8,"href":"https:\/\/torrentstlc.com\/ca\/wp-json\/wp\/v2\/pages\/2096\/revisions"}],"predecessor-version":[{"id":2104,"href":"https:\/\/torrentstlc.com\/ca\/wp-json\/wp\/v2\/pages\/2096\/revisions\/2104"}],"wp:attachment":[{"href":"https:\/\/torrentstlc.com\/ca\/wp-json\/wp\/v2\/media?parent=2096"}],"curies":[{"name":"wp","href":"https:\/\/api.w.org\/{rel}","templated":true}]}}