{"id":2125,"date":"2020-11-08T16:11:59","date_gmt":"2020-11-08T16:11:59","guid":{"rendered":"https:\/\/torrentstlc.com\/metodologia"},"modified":"2021-04-25T09:02:28","modified_gmt":"2021-04-25T09:02:28","slug":"metodologia","status":"publish","type":"page","link":"https:\/\/torrentstlc.com\/ca\/metodologia","title":{"rendered":"Metodologia"},"content":{"rendered":"<p>[vc_row css_animation=&#8221;&#8221; row_type=&#8221;row&#8221; use_row_as_full_screen_section=&#8221;no&#8221; type=&#8221;full_width&#8221; angled_section=&#8221;no&#8221; text_align=&#8221;left&#8221; background_image_as_pattern=&#8221;without_pattern&#8221; z_index=&#8221;&#8221; padding_top=&#8221;84&#8243; padding_bottom=&#8221;84&#8243;][vc_column][vc_row_inner row_type=&#8221;row&#8221; type=&#8221;grid&#8221; text_align=&#8221;center&#8221; css_animation=&#8221;&#8221;][vc_column_inner width=&#8221;1\/6&#8243;][\/vc_column_inner][vc_column_inner width=&#8221;2\/3&#8243;][vc_column_text]<span style=\"color: #a893ff;\"><strong>T&#8217;oferim solucions per refor\u00e7ar la teva activitat exterior.<\/strong><\/span> Treballem amb tu de manera personalitzada per avan\u00e7ar en el proc\u00e9s d&#8217;internacionalitzaci\u00f3 de la teva empresa, per tal d&#8217;aportar seguretat jur\u00eddica als teus procediments, detectar noves oportunitats i implantar sistemes de metodologia per obtenir un creixement viable i sostenible.[\/vc_column_text][\/vc_column_inner][vc_column_inner width=&#8221;1\/6&#8243;][\/vc_column_inner][\/vc_row_inner][\/vc_column][\/vc_row][vc_row css_animation=&#8221;&#8221; row_type=&#8221;row&#8221; use_row_as_full_screen_section=&#8221;no&#8221; type=&#8221;full_width&#8221; angled_section=&#8221;no&#8221; text_align=&#8221;left&#8221; background_image_as_pattern=&#8221;without_pattern&#8221; z_index=&#8221;&#8221; padding_top=&#8221;84&#8243; padding_bottom=&#8221;84&#8243; background_color=&#8221;#ffffff&#8221;][vc_column][vc_row_inner row_type=&#8221;row&#8221; type=&#8221;grid&#8221; text_align=&#8221;left&#8221; css_animation=&#8221;&#8221;][vc_column_inner width=&#8221;1\/6&#8243;][\/vc_column_inner][vc_column_inner width=&#8221;2\/3&#8243;]<div class='q_list circle'>Proporcionem les claus per comprendre el funcionament de el comer\u00e7 internacional amb una visi\u00f3 global mitjan\u00e7ant la nostra experi\u00e8ncia i expertise.<\/p>\n<p>&nbsp;<\/p>\n<ul>\n<li>Diagn\u00f2stic i avaluaci\u00f3 de les necessitats: Fixaci\u00f3 d&#8217;objectius i continguts.<\/li>\n<li>Formaci\u00f3 a mida, agrupada i on-line.<\/li>\n<li>Sessions realitzades a la pr\u00f2pia empresa o a les nostres instal\u00b7lacions.<\/li>\n<li>Combinaci\u00f3 de sessions te\u00f2riques i pr\u00e0ctiques.<\/li>\n<li>Suport de reconeguts professionals de sector.<\/li>\n<li>Suport amb documentaci\u00f3 espec\u00edfica<\/li>\n<li>Equip professional i amb experi\u00e8ncia<\/li>\n<li>Assessorament caracteritzat per personalitzaci\u00f3 del servei<\/li>\n<li>Seguiment puntual o permanent.<\/li>\n<li>Competitivitat<\/li>\n<li>Resoluci\u00f3 de dubtes<\/li>\n<li>Eines de treball i coneixement<\/li>\n<li>Identificar sin\u00e8rgies i punts de millora<\/li>\n<li>Solucions a l&#8217;abast de les empreses de forma r\u00e0pida<\/li>\n<li>Metodologia<\/li>\n<li>Implantaci\u00f3 de sistemes digitals per maximitzar els recursos i agilitzar<\/li>\n<li>Informes i consultoria<\/li>\n<\/ul>\n<p><\/div>[\/vc_column_inner][vc_column_inner width=&#8221;1\/6&#8243;][\/vc_column_inner][\/vc_row_inner][\/vc_column][\/vc_row][vc_row css_animation=&#8221;&#8221; row_type=&#8221;row&#8221; use_row_as_full_screen_section=&#8221;no&#8221; type=&#8221;full_width&#8221; angled_section=&#8221;no&#8221; text_align=&#8221;center&#8221; background_image_as_pattern=&#8221;without_pattern&#8221; z_index=&#8221;&#8221; padding_bottom=&#8221;84&#8243; padding_top=&#8221;84&#8243;][vc_column]<a  itemprop=\"url\" href=\"https:\/\/google.com\" target=\"_self\"  class=\"qbutton  large center default\" style=\"\">En qu\u00e8 podem ajudar-te?<\/a>[\/vc_column][\/vc_row]<\/p>\n","protected":false},"excerpt":{"rendered":"<p>[vc_row css_animation=&#8221;&#8221; row_type=&#8221;row&#8221; use_row_as_full_screen_section=&#8221;no&#8221; type=&#8221;full_width&#8221; angled_section=&#8221;no&#8221; text_align=&#8221;left&#8221; background_image_as_pattern=&#8221;without_pattern&#8221; z_index=&#8221;&#8221; padding_top=&#8221;84&#8243; padding_bottom=&#8221;84&#8243;][vc_column][vc_row_inner row_type=&#8221;row&#8221; type=&#8221;grid&#8221; text_align=&#8221;center&#8221; css_animation=&#8221;&#8221;][vc_column_inner width=&#8221;1\/6&#8243;][\/vc_column_inner][vc_column_inner width=&#8221;2\/3&#8243;][vc_column_text]T&#8217;oferim solucions per refor\u00e7ar la teva activitat exterior. Treballem amb tu de manera personalitzada per avan\u00e7ar en el proc\u00e9s d&#8217;internacionalitzaci\u00f3 de la teva empresa, per tal d&#8217;aportar seguretat jur\u00eddica&#8230;<\/p>\n","protected":false},"author":1,"featured_media":0,"parent":0,"menu_order":0,"comment_status":"closed","ping_status":"closed","template":"full_width.php","meta":{"footnotes":""},"class_list":["post-2125","page","type-page","status-publish","hentry"],"yoast_head":"<!-- This site is optimized with the Yoast SEO plugin v23.4 - https:\/\/yoast.com\/wordpress\/plugins\/seo\/ -->\n<title>Metodologia - Torrents Law and Customs<\/title>\n<meta name=\"robots\" content=\"index, follow, max-snippet:-1, max-image-preview:large, max-video-preview:-1\" \/>\n<link rel=\"canonical\" href=\"https:\/\/torrentstlc.com\/ca\/metodologia\" \/>\n<meta property=\"og:locale\" content=\"ca_ES\" \/>\n<meta property=\"og:type\" content=\"article\" \/>\n<meta property=\"og:title\" content=\"Metodologia - Torrents Law and Customs\" \/>\n<meta property=\"og:description\" content=\"[vc_row css_animation=&#8221;&#8221; row_type=&#8221;row&#8221; use_row_as_full_screen_section=&#8221;no&#8221; type=&#8221;full_width&#8221; angled_section=&#8221;no&#8221; text_align=&#8221;left&#8221; background_image_as_pattern=&#8221;without_pattern&#8221; z_index=&#8221;&#8221; padding_top=&#8221;84&#8243; padding_bottom=&#8221;84&#8243;][vc_column][vc_row_inner row_type=&#8221;row&#8221; type=&#8221;grid&#8221; text_align=&#8221;center&#8221; css_animation=&#8221;&#8221;][vc_column_inner width=&#8221;1\/6&#8243;][\/vc_column_inner][vc_column_inner width=&#8221;2\/3&#8243;][vc_column_text]T&#8217;oferim solucions per refor\u00e7ar la teva activitat exterior. Treballem amb tu de manera personalitzada per avan\u00e7ar en el proc\u00e9s d&#8217;internacionalitzaci\u00f3 de la teva empresa, per tal d&#8217;aportar seguretat jur\u00eddica...\" \/>\n<meta property=\"og:url\" content=\"https:\/\/torrentstlc.com\/ca\/metodologia\" \/>\n<meta property=\"og:site_name\" content=\"Torrents Law and Customs\" \/>\n<meta property=\"article:modified_time\" content=\"2021-04-25T09:02:28+00:00\" \/>\n<meta name=\"twitter:card\" content=\"summary_large_image\" \/>\n<meta name=\"twitter:label1\" content=\"Temps estimat de lectura\" \/>\n\t<meta name=\"twitter:data1\" content=\"2 minuts\" \/>\n<script type=\"application\/ld+json\" class=\"yoast-schema-graph\">{\"@context\":\"https:\/\/schema.org\",\"@graph\":[{\"@type\":\"WebPage\",\"@id\":\"https:\/\/torrentstlc.com\/ca\/metodologia\",\"url\":\"https:\/\/torrentstlc.com\/ca\/metodologia\",\"name\":\"Metodologia - Torrents Law and Customs\",\"isPartOf\":{\"@id\":\"https:\/\/torrentstlc.com\/ca#website\"},\"datePublished\":\"2020-11-08T16:11:59+00:00\",\"dateModified\":\"2021-04-25T09:02:28+00:00\",\"breadcrumb\":{\"@id\":\"https:\/\/torrentstlc.com\/ca\/metodologia#breadcrumb\"},\"inLanguage\":\"ca\",\"potentialAction\":[{\"@type\":\"ReadAction\",\"target\":[\"https:\/\/torrentstlc.com\/ca\/metodologia\"]}]},{\"@type\":\"BreadcrumbList\",\"@id\":\"https:\/\/torrentstlc.com\/ca\/metodologia#breadcrumb\",\"itemListElement\":[{\"@type\":\"ListItem\",\"position\":1,\"name\":\"Portada\",\"item\":\"https:\/\/torrentstlc.com\/ca\/inici\"},{\"@type\":\"ListItem\",\"position\":2,\"name\":\"Metodologia\"}]},{\"@type\":\"WebSite\",\"@id\":\"https:\/\/torrentstlc.com\/ca#website\",\"url\":\"https:\/\/torrentstlc.com\/ca\",\"name\":\"Torrents Law and Customs\",\"description\":\"Comercio exterior e internacionalizaci\u00f3n\",\"potentialAction\":[{\"@type\":\"SearchAction\",\"target\":{\"@type\":\"EntryPoint\",\"urlTemplate\":\"https:\/\/torrentstlc.com\/ca?s={search_term_string}\"},\"query-input\":{\"@type\":\"PropertyValueSpecification\",\"valueRequired\":true,\"valueName\":\"search_term_string\"}}],\"inLanguage\":\"ca\"}]}<\/script>\n<!-- \/ Yoast SEO plugin. -->","yoast_head_json":{"title":"Metodologia - Torrents Law and Customs","robots":{"index":"index","follow":"follow","max-snippet":"max-snippet:-1","max-image-preview":"max-image-preview:large","max-video-preview":"max-video-preview:-1"},"canonical":"https:\/\/torrentstlc.com\/ca\/metodologia","og_locale":"ca_ES","og_type":"article","og_title":"Metodologia - Torrents Law and Customs","og_description":"[vc_row css_animation=&#8221;&#8221; row_type=&#8221;row&#8221; use_row_as_full_screen_section=&#8221;no&#8221; type=&#8221;full_width&#8221; angled_section=&#8221;no&#8221; text_align=&#8221;left&#8221; background_image_as_pattern=&#8221;without_pattern&#8221; z_index=&#8221;&#8221; padding_top=&#8221;84&#8243; padding_bottom=&#8221;84&#8243;][vc_column][vc_row_inner row_type=&#8221;row&#8221; type=&#8221;grid&#8221; text_align=&#8221;center&#8221; css_animation=&#8221;&#8221;][vc_column_inner width=&#8221;1\/6&#8243;][\/vc_column_inner][vc_column_inner width=&#8221;2\/3&#8243;][vc_column_text]T&#8217;oferim solucions per refor\u00e7ar la teva activitat exterior. Treballem amb tu de manera personalitzada per avan\u00e7ar en el proc\u00e9s d&#8217;internacionalitzaci\u00f3 de la teva empresa, per tal d&#8217;aportar seguretat jur\u00eddica...","og_url":"https:\/\/torrentstlc.com\/ca\/metodologia","og_site_name":"Torrents Law and Customs","article_modified_time":"2021-04-25T09:02:28+00:00","twitter_card":"summary_large_image","twitter_misc":{"Temps estimat de lectura":"2 minuts"},"schema":{"@context":"https:\/\/schema.org","@graph":[{"@type":"WebPage","@id":"https:\/\/torrentstlc.com\/ca\/metodologia","url":"https:\/\/torrentstlc.com\/ca\/metodologia","name":"Metodologia - Torrents Law and Customs","isPartOf":{"@id":"https:\/\/torrentstlc.com\/ca#website"},"datePublished":"2020-11-08T16:11:59+00:00","dateModified":"2021-04-25T09:02:28+00:00","breadcrumb":{"@id":"https:\/\/torrentstlc.com\/ca\/metodologia#breadcrumb"},"inLanguage":"ca","potentialAction":[{"@type":"ReadAction","target":["https:\/\/torrentstlc.com\/ca\/metodologia"]}]},{"@type":"BreadcrumbList","@id":"https:\/\/torrentstlc.com\/ca\/metodologia#breadcrumb","itemListElement":[{"@type":"ListItem","position":1,"name":"Portada","item":"https:\/\/torrentstlc.com\/ca\/inici"},{"@type":"ListItem","position":2,"name":"Metodologia"}]},{"@type":"WebSite","@id":"https:\/\/torrentstlc.com\/ca#website","url":"https:\/\/torrentstlc.com\/ca","name":"Torrents Law and Customs","description":"Comercio exterior e internacionalizaci\u00f3n","potentialAction":[{"@type":"SearchAction","target":{"@type":"EntryPoint","urlTemplate":"https:\/\/torrentstlc.com\/ca?s={search_term_string}"},"query-input":{"@type":"PropertyValueSpecification","valueRequired":true,"valueName":"search_term_string"}}],"inLanguage":"ca"}]}},"_links":{"self":[{"href":"https:\/\/torrentstlc.com\/ca\/wp-json\/wp\/v2\/pages\/2125"}],"collection":[{"href":"https:\/\/torrentstlc.com\/ca\/wp-json\/wp\/v2\/pages"}],"about":[{"href":"https:\/\/torrentstlc.com\/ca\/wp-json\/wp\/v2\/types\/page"}],"author":[{"embeddable":true,"href":"https:\/\/torrentstlc.com\/ca\/wp-json\/wp\/v2\/users\/1"}],"replies":[{"embeddable":true,"href":"https:\/\/torrentstlc.com\/ca\/wp-json\/wp\/v2\/comments?post=2125"}],"version-history":[{"count":13,"href":"https:\/\/torrentstlc.com\/ca\/wp-json\/wp\/v2\/pages\/2125\/revisions"}],"predecessor-version":[{"id":2144,"href":"https:\/\/torrentstlc.com\/ca\/wp-json\/wp\/v2\/pages\/2125\/revisions\/2144"}],"wp:attachment":[{"href":"https:\/\/torrentstlc.com\/ca\/wp-json\/wp\/v2\/media?parent=2125"}],"curies":[{"name":"wp","href":"https:\/\/api.w.org\/{rel}","templated":true}]}}