{"id":2146,"date":"2020-11-08T11:35:18","date_gmt":"2020-11-08T11:35:18","guid":{"rendered":"https:\/\/torrentstlc.com\/serveis\/customs"},"modified":"2021-04-25T09:40:19","modified_gmt":"2021-04-25T09:40:19","slug":"customs","status":"publish","type":"page","link":"https:\/\/torrentstlc.com\/ca\/serveis\/customs","title":{"rendered":"Customs"},"content":{"rendered":"<p>[vc_row css_animation=&#8221;&#8221; row_type=&#8221;row&#8221; use_row_as_full_screen_section=&#8221;no&#8221; type=&#8221;full_width&#8221; angled_section=&#8221;no&#8221; text_align=&#8221;left&#8221; background_image_as_pattern=&#8221;without_pattern&#8221; z_index=&#8221;&#8221; padding_top=&#8221;84&#8243; padding_bottom=&#8221;84&#8243;][vc_column][vc_row_inner row_type=&#8221;row&#8221; type=&#8221;full_width&#8221; text_align=&#8221;center&#8221; css_animation=&#8221;&#8221;][vc_column_inner width=&#8221;1\/5&#8243;][\/vc_column_inner][vc_column_inner width=&#8221;1\/5&#8243;][\/vc_column_inner][vc_column_inner width=&#8221;1\/5&#8243;][vc_column_text]<\/p>\n<h1 style=\"font-family: serif; font-size: 56px; font-weight: 400;\"><span style=\"color: #a893ff;\">C<\/span><\/h1>\n<h2><span style=\"color: #a893ff;\">Customs<\/span><\/h2>\n<p>[\/vc_column_text][vc_separator type=&#8221;transparent&#8221; thickness=&#8221;24&#8243;][\/vc_column_inner][vc_column_inner width=&#8221;1\/5&#8243;][\/vc_column_inner][vc_column_inner width=&#8221;1\/5&#8243;][\/vc_column_inner][\/vc_row_inner][vc_row_inner row_type=&#8221;row&#8221; type=&#8221;grid&#8221; text_align=&#8221;center&#8221; css_animation=&#8221;&#8221;][vc_column_inner width=&#8221;1\/6&#8243;][\/vc_column_inner][vc_column_inner width=&#8221;2\/3&#8243;][vc_column_text]<\/p>\n<h2>Serveis de consultoria duanera<\/h2>\n<p>&nbsp;<\/p>\n<p>Posem al teu abast un servei d&#8217;assessorament global en mat\u00e8ria de comer\u00e7 internacional i dels processos d&#8217;importaci\u00f3 i exportaci\u00f3 tant en l&#8217;\u00e0mbit de la Uni\u00f3 Europea com a tercers pa\u00efsos.[\/vc_column_text][\/vc_column_inner][vc_column_inner width=&#8221;1\/6&#8243;][\/vc_column_inner][\/vc_row_inner][\/vc_column][\/vc_row][vc_row css_animation=&#8221;&#8221; row_type=&#8221;row&#8221; use_row_as_full_screen_section=&#8221;no&#8221; type=&#8221;full_width&#8221; angled_section=&#8221;no&#8221; text_align=&#8221;left&#8221; background_image_as_pattern=&#8221;without_pattern&#8221; z_index=&#8221;&#8221; padding_top=&#8221;84&#8243; padding_bottom=&#8221;84&#8243; background_color=&#8221;#ffffff&#8221;][vc_column][vc_row_inner row_type=&#8221;row&#8221; type=&#8221;grid&#8221; text_align=&#8221;center&#8221; css_animation=&#8221;&#8221;][vc_column_inner width=&#8221;1\/6&#8243;][\/vc_column_inner][vc_column_inner width=&#8221;2\/3&#8243;][vc_column_text]<\/p>\n<h2><span style=\"color: #a893ff;\">\u00c0rees<\/span> de servei<\/h2>\n<p>&nbsp;<\/p>\n<p>L&#8217;operativa de Comer\u00e7 Exterior requereix tenir coneixement de diversos aspectes de el comer\u00e7 internacional.<\/p>\n<p>&nbsp;<\/p>\n<p>La gesti\u00f3 duanera \u00e9s necess\u00e0ria en tota compravenda fora de la UE, els tr\u00e0mits d&#8217;importaci\u00f3 \/ exportaci\u00f3, les declaracions duaneres i la gesti\u00f3 i arxiu de la documentaci\u00f3 generada s\u00f3n de vital import\u00e0ncia per a les operacions amb l&#8217;exterior.[\/vc_column_text][\/vc_column_inner][vc_column_inner width=&#8221;1\/6&#8243;][\/vc_column_inner][\/vc_row_inner][vc_separator type=&#8221;transparent&#8221; thickness=&#8221;64&#8243;][vc_row_inner row_type=&#8221;row&#8221; type=&#8221;grid&#8221; text_align=&#8221;left&#8221; css_animation=&#8221;&#8221;][vc_column_inner width=&#8221;1\/6&#8243;][\/vc_column_inner][vc_column_inner width=&#8221;2\/3&#8243;]<div class='q_list circle'>L&#8217;\u00fas d&#8217;autoritzacions duaneres, la classificaci\u00f3, la determinaci\u00f3 de l&#8217;origen i valor en duana, s\u00f3n elements clau a tenir present per a l&#8217;\u00e8xit de les operacions en comer\u00e7 internacional.<\/p>\n<p>&nbsp;<\/p>\n<ul>\n<li>Oferim suport en la gesti\u00f3 operativa de el comer\u00e7 internacional.<\/li>\n<li>Reduir els aranzels i el temps de gesti\u00f3 documental dels tr\u00e0mits duaners.<\/li>\n<li>Reduir les despeses en comer\u00e7 internacionals a trav\u00e9s d&#8217;eines jur\u00eddiques que li permetin optimitzar la cadena de subministrament amb seguretat.<\/li>\n<li>Mentoring duaner i assessorament per a la internacionalitzaci\u00f3<\/li>\n<li>Estudi de les operacions per a l&#8217;emissi\u00f3 d&#8217;un diagn\u00f2stic de millora \/ optimitzaci\u00f3 dels recursos duaners.<\/li>\n<li>Autoritzacions duaneres:\n<ul>\n<li>Operador Econ\u00f2mic Autoritzat (OEA)<\/li>\n<li>R\u00e8gims duaners especials: perfeccionament actiu (RPA), perfeccionament passiu (RPP), Diposito duaner, ADT, Dest\u00ed Final, importacions temporals &#8230;<\/li>\n<\/ul>\n<\/li>\n<li>Barreres aranzel\u00e0ries i an\u00e0lisi aranzelaris<\/li>\n<li>An\u00e0lisi de barreres t\u00e8cniques comercials: documentaci\u00f3 necess\u00e0ria per importar o exportar<\/li>\n<li>An\u00e0lisi de la documentaci\u00f3 duanera<\/li>\n<li>An\u00e0lisi de la Pol\u00edtica Comercial i relacions comercials entre pa\u00efsos: acords comercials<\/li>\n<li>Protecci\u00f3 contra el comer\u00e7 deslleial<\/li>\n<li>Antidumpings, contingents i suspensions aranzel\u00e0ries<\/li>\n<li>Determinaci\u00f3 de l&#8217;origen preferencial i origen no preferencial<\/li>\n<li>Assessorament en estrat\u00e8gia en mat\u00e8ria d&#8217;origen i optimitzaci\u00f3 de selecci\u00f3 de prove\u00efdors.<\/li>\n<li>Made In<\/li>\n<li>Autoritzacions duaneres en mat\u00e8ria d&#8217;origen:\n<ul>\n<li>N\u00famero d&#8217;exportador autoritzat (EA\/NEA)<\/li>\n<li>Registre d&#8217;Exportadors (REX)<\/li>\n<\/ul>\n<\/li>\n<\/ul>\n<p><\/div>[\/vc_column_inner][vc_column_inner width=&#8221;1\/6&#8243;][\/vc_column_inner][\/vc_row_inner][vc_separator type=&#8221;transparent&#8221; thickness=&#8221;24&#8243;][vc_row_inner row_type=&#8221;row&#8221; type=&#8221;grid&#8221; text_align=&#8221;left&#8221; css_animation=&#8221;&#8221;][vc_column_inner width=&#8221;1\/6&#8243;][\/vc_column_inner][vc_column_inner width=&#8221;2\/3&#8243;]<div class='q_list circle'>La classificaci\u00f3 aranzel\u00e0ria dels productes, el valor en duanes, aspectes log\u00edstics i els requisits normatius vinculats a la mercaderia s\u00f3n altres aspectes fonamentals per superar amb \u00e8xit els controls duaners al llarg de la cadena de subministrament i concloure amb \u00e8xit les operacions comercials.<\/p>\n<p>&nbsp;<\/p>\n<ul>\n<li>Classificaci\u00f3 aranzel\u00e0ria i Determinaci\u00f3 de el codi aranzelari<\/li>\n<li>Etiquetatge i regulatori<\/li>\n<li>Al\u00b7legacions davant l&#8217;Administraci\u00f3 i atenci\u00f3 als requeriments<\/li>\n<li>Gesti\u00f3 de mostres comercials<\/li>\n<li>Condicions d&#8217;entrega de mercaderies: Assessorament per a l&#8217;\u00fas de les regles i usos internacionals que regulen les condicions de lliurament de mercaderies en el comer\u00e7 internacional (INCOTERMS).<\/li>\n<li>Valor en duanes<\/li>\n<li>Despeses de transport, assegurances, conceptes vinculats a la valor en duanes i factura duanera<\/li>\n<li>Material de doble \u00fas<\/li>\n<\/ul>\n<p><\/div>[\/vc_column_inner][vc_column_inner width=&#8221;1\/6&#8243;][\/vc_column_inner][\/vc_row_inner][\/vc_column][\/vc_row][vc_row css_animation=&#8221;&#8221; row_type=&#8221;row&#8221; use_row_as_full_screen_section=&#8221;no&#8221; type=&#8221;full_width&#8221; angled_section=&#8221;no&#8221; text_align=&#8221;left&#8221; background_image_as_pattern=&#8221;without_pattern&#8221; z_index=&#8221;&#8221; padding_top=&#8221;84&#8243; padding_bottom=&#8221;84&#8243; background_color=&#8221;#a893ff&#8221;][vc_column][vc_row_inner row_type=&#8221;row&#8221; type=&#8221;grid&#8221; text_align=&#8221;center&#8221; css_animation=&#8221;&#8221;][vc_column_inner width=&#8221;1\/6&#8243;][\/vc_column_inner][vc_column_inner width=&#8221;2\/3&#8243;][vc_icon icon_fontawesome=&#8221;fas fa-mobile-alt&#8221; color=&#8221;custom&#8221; size=&#8221;xl&#8221; align=&#8221;center&#8221; custom_color=&#8221;#000000&#8243;][vc_column_text]<\/p>\n<h2>Aplicacions i eines de gesti\u00f3<\/h2>\n<p>[\/vc_column_text][\/vc_column_inner][vc_column_inner width=&#8221;1\/6&#8243;][\/vc_column_inner][\/vc_row_inner][\/vc_column][\/vc_row][vc_row css_animation=&#8221;&#8221; row_type=&#8221;row&#8221; use_row_as_full_screen_section=&#8221;no&#8221; type=&#8221;full_width&#8221; angled_section=&#8221;no&#8221; text_align=&#8221;center&#8221; background_image_as_pattern=&#8221;without_pattern&#8221; z_index=&#8221;&#8221; background_color=&#8221;#a893ff&#8221; padding_bottom=&#8221;84&#8243;][vc_column]<a  itemprop=\"url\" href=\"https:\/\/torrentstlc.com\/servicios\/customs\/aplicaciones-y-herramientas-de-gestion\" target=\"_self\"  class=\"qbutton  large center default\" style=\"\">Properament...<\/a>[\/vc_column][\/vc_row][vc_row css_animation=&#8221;&#8221; row_type=&#8221;row&#8221; use_row_as_full_screen_section=&#8221;no&#8221; type=&#8221;full_width&#8221; angled_section=&#8221;no&#8221; text_align=&#8221;left&#8221; background_image_as_pattern=&#8221;without_pattern&#8221; z_index=&#8221;&#8221; padding_top=&#8221;84&#8243; padding_bottom=&#8221;84&#8243;][vc_column][vc_row_inner row_type=&#8221;row&#8221; type=&#8221;grid&#8221; text_align=&#8221;center&#8221; css_animation=&#8221;&#8221;][vc_column_inner width=&#8221;1\/6&#8243;][\/vc_column_inner][vc_column_inner width=&#8221;2\/3&#8243;][vc_column_text]<\/p>\n<h2>Per qu\u00e8 nosaltres?<\/h2>\n<p>&nbsp;<\/p>\n<p>Equip propi de professionals del dret especialitzats amb m\u00e9s de 20 anys d&#8217;experi\u00e8ncia, per donar cobertura a qualsevol consulta jur\u00eddica relacionada amb l&#8217;\u00e0mbit nacional o internacional.[\/vc_column_text][\/vc_column_inner][vc_column_inner width=&#8221;1\/6&#8243;][\/vc_column_inner][\/vc_row_inner][\/vc_column][\/vc_row][vc_row css_animation=&#8221;&#8221; row_type=&#8221;row&#8221; use_row_as_full_screen_section=&#8221;no&#8221; type=&#8221;full_width&#8221; angled_section=&#8221;no&#8221; text_align=&#8221;left&#8221; background_image_as_pattern=&#8221;without_pattern&#8221; z_index=&#8221;&#8221; padding_bottom=&#8221;84&#8243;][vc_column][vc_row_inner row_type=&#8221;row&#8221; type=&#8221;grid&#8221; text_align=&#8221;center&#8221; css_animation=&#8221;&#8221;][vc_column_inner width=&#8221;1\/6&#8243;][\/vc_column_inner][vc_column_inner width=&#8221;2\/3&#8243;][vc_column_text]<\/p>\n<h2>Valor afegit<\/h2>\n<p>&nbsp;<\/p>\n<h3><strong>Internacionalitza&#8217;t amb seguretat<\/strong><\/h3>\n<p>&nbsp;<\/p>\n<p>Anticipa&#8217;t i evita els obstacles en comer\u00e7 internacional per garantir que el teu producte o servei arriba al seu dest\u00ed sense incid\u00e8ncies i retards. Un bon assessorament a trav\u00e9s d&#8217;eines jur\u00eddiques que permeten reduir costos, optimitzar els recursos de les empreses importadores i exportadores i facilitar la gesti\u00f3 i el bon fi de les operacions serveis associats a l&#8217;operativa de comer\u00e7 internacional.<\/p>\n<p>&nbsp;<\/p>\n<p>Tant per a empreses que s&#8217;inicien en el m\u00f3n de la importaci\u00f3 o exportaci\u00f3, o b\u00e9, per a empreses consolidades en aquest \u00e0mbit que necessiten assessorament amb l&#8217;objectiu de dominar els processos duaners i del comer\u00e7 internacional, facilitar a les empreses el m\u00e0xim aprofitament de les oportunitats que ofereixen els procediments duaners.<\/p>\n<p><strong> <\/strong><\/p>\n<p>Solucions jur\u00eddiques per prendre decisions conseq\u00fcents i garantir la legalitat dels procediments interns. Planificar operacions i resoldre dubtes jur\u00eddics abastant qualsevol dels \u00e0mbits d&#8217;internacionalitzaci\u00f3 d&#8217;una empresa: des de la gesti\u00f3 duanera i documentaci\u00f3, fins l&#8217;auditoria i la consultoria, passant per l&#8217;\u00e0mbit legal i la gesti\u00f3 fiscal.[\/vc_column_text][\/vc_column_inner][vc_column_inner width=&#8221;1\/6&#8243;][\/vc_column_inner][\/vc_row_inner][\/vc_column][\/vc_row][vc_row css_animation=&#8221;&#8221; row_type=&#8221;row&#8221; use_row_as_full_screen_section=&#8221;no&#8221; type=&#8221;full_width&#8221; angled_section=&#8221;no&#8221; text_align=&#8221;center&#8221; background_image_as_pattern=&#8221;without_pattern&#8221; z_index=&#8221;&#8221; padding_bottom=&#8221;84&#8243;][vc_column]<a  itemprop=\"url\" href=\"https:\/\/torrentstlc.com\/contacto\" target=\"_self\"  class=\"qbutton  large center default\" style=\"\">En qu\u00e8 podem ajudar-te?<\/a>[\/vc_column][\/vc_row]<\/p>\n","protected":false},"excerpt":{"rendered":"<p>[vc_row css_animation=&#8221;&#8221; row_type=&#8221;row&#8221; use_row_as_full_screen_section=&#8221;no&#8221; type=&#8221;full_width&#8221; angled_section=&#8221;no&#8221; text_align=&#8221;left&#8221; background_image_as_pattern=&#8221;without_pattern&#8221; z_index=&#8221;&#8221; padding_top=&#8221;84&#8243; padding_bottom=&#8221;84&#8243;][vc_column][vc_row_inner row_type=&#8221;row&#8221; type=&#8221;full_width&#8221; text_align=&#8221;center&#8221; css_animation=&#8221;&#8221;][vc_column_inner width=&#8221;1\/5&#8243;][\/vc_column_inner][vc_column_inner width=&#8221;1\/5&#8243;][\/vc_column_inner][vc_column_inner width=&#8221;1\/5&#8243;][vc_column_text] C Customs [\/vc_column_text][vc_separator type=&#8221;transparent&#8221; thickness=&#8221;24&#8243;][\/vc_column_inner][vc_column_inner width=&#8221;1\/5&#8243;][\/vc_column_inner][vc_column_inner width=&#8221;1\/5&#8243;][\/vc_column_inner][\/vc_row_inner][vc_row_inner row_type=&#8221;row&#8221; type=&#8221;grid&#8221; text_align=&#8221;center&#8221; css_animation=&#8221;&#8221;][vc_column_inner width=&#8221;1\/6&#8243;][\/vc_column_inner][vc_column_inner width=&#8221;2\/3&#8243;][vc_column_text] Serveis de consultoria duanera &nbsp; Posem al teu abast un servei d&#8217;assessorament global en&#8230;<\/p>\n","protected":false},"author":1,"featured_media":0,"parent":1590,"menu_order":0,"comment_status":"closed","ping_status":"closed","template":"full_width.php","meta":{"footnotes":""},"class_list":["post-2146","page","type-page","status-publish","hentry"],"yoast_head":"<!-- This site is optimized with the Yoast SEO plugin v23.4 - https:\/\/yoast.com\/wordpress\/plugins\/seo\/ -->\n<title>Customs - Torrents Law and Customs<\/title>\n<meta name=\"robots\" content=\"index, follow, max-snippet:-1, max-image-preview:large, max-video-preview:-1\" \/>\n<link rel=\"canonical\" href=\"https:\/\/torrentstlc.com\/ca\/serveis\/customs\" \/>\n<meta property=\"og:locale\" content=\"ca_ES\" \/>\n<meta property=\"og:type\" content=\"article\" \/>\n<meta property=\"og:title\" content=\"Customs - Torrents Law and Customs\" \/>\n<meta property=\"og:description\" content=\"[vc_row css_animation=&#8221;&#8221; row_type=&#8221;row&#8221; use_row_as_full_screen_section=&#8221;no&#8221; type=&#8221;full_width&#8221; angled_section=&#8221;no&#8221; text_align=&#8221;left&#8221; background_image_as_pattern=&#8221;without_pattern&#8221; z_index=&#8221;&#8221; padding_top=&#8221;84&#8243; padding_bottom=&#8221;84&#8243;][vc_column][vc_row_inner row_type=&#8221;row&#8221; type=&#8221;full_width&#8221; text_align=&#8221;center&#8221; css_animation=&#8221;&#8221;][vc_column_inner width=&#8221;1\/5&#8243;][\/vc_column_inner][vc_column_inner width=&#8221;1\/5&#8243;][\/vc_column_inner][vc_column_inner width=&#8221;1\/5&#8243;][vc_column_text] C Customs [\/vc_column_text][vc_separator type=&#8221;transparent&#8221; thickness=&#8221;24&#8243;][\/vc_column_inner][vc_column_inner width=&#8221;1\/5&#8243;][\/vc_column_inner][vc_column_inner width=&#8221;1\/5&#8243;][\/vc_column_inner][\/vc_row_inner][vc_row_inner row_type=&#8221;row&#8221; type=&#8221;grid&#8221; text_align=&#8221;center&#8221; css_animation=&#8221;&#8221;][vc_column_inner width=&#8221;1\/6&#8243;][\/vc_column_inner][vc_column_inner width=&#8221;2\/3&#8243;][vc_column_text] Serveis de consultoria duanera &nbsp; Posem al teu abast un servei d&#8217;assessorament global en...\" \/>\n<meta property=\"og:url\" content=\"https:\/\/torrentstlc.com\/ca\/serveis\/customs\" \/>\n<meta property=\"og:site_name\" content=\"Torrents Law and Customs\" \/>\n<meta property=\"article:modified_time\" content=\"2021-04-25T09:40:19+00:00\" \/>\n<meta name=\"twitter:card\" content=\"summary_large_image\" \/>\n<meta name=\"twitter:label1\" content=\"Temps estimat de lectura\" \/>\n\t<meta name=\"twitter:data1\" content=\"7 minuts\" \/>\n<script type=\"application\/ld+json\" class=\"yoast-schema-graph\">{\"@context\":\"https:\/\/schema.org\",\"@graph\":[{\"@type\":\"WebPage\",\"@id\":\"https:\/\/torrentstlc.com\/ca\/serveis\/customs\",\"url\":\"https:\/\/torrentstlc.com\/ca\/serveis\/customs\",\"name\":\"Customs - Torrents Law and Customs\",\"isPartOf\":{\"@id\":\"https:\/\/torrentstlc.com\/ca#website\"},\"datePublished\":\"2020-11-08T11:35:18+00:00\",\"dateModified\":\"2021-04-25T09:40:19+00:00\",\"breadcrumb\":{\"@id\":\"https:\/\/torrentstlc.com\/ca\/serveis\/customs#breadcrumb\"},\"inLanguage\":\"ca\",\"potentialAction\":[{\"@type\":\"ReadAction\",\"target\":[\"https:\/\/torrentstlc.com\/ca\/serveis\/customs\"]}]},{\"@type\":\"BreadcrumbList\",\"@id\":\"https:\/\/torrentstlc.com\/ca\/serveis\/customs#breadcrumb\",\"itemListElement\":[{\"@type\":\"ListItem\",\"position\":1,\"name\":\"Portada\",\"item\":\"https:\/\/torrentstlc.com\/ca\/inici\"},{\"@type\":\"ListItem\",\"position\":2,\"name\":\"Serveis\",\"item\":\"https:\/\/torrentstlc.com\/ca\/serveis\"},{\"@type\":\"ListItem\",\"position\":3,\"name\":\"Customs\"}]},{\"@type\":\"WebSite\",\"@id\":\"https:\/\/torrentstlc.com\/ca#website\",\"url\":\"https:\/\/torrentstlc.com\/ca\",\"name\":\"Torrents Law and Customs\",\"description\":\"Comercio exterior e internacionalizaci\u00f3n\",\"potentialAction\":[{\"@type\":\"SearchAction\",\"target\":{\"@type\":\"EntryPoint\",\"urlTemplate\":\"https:\/\/torrentstlc.com\/ca?s={search_term_string}\"},\"query-input\":{\"@type\":\"PropertyValueSpecification\",\"valueRequired\":true,\"valueName\":\"search_term_string\"}}],\"inLanguage\":\"ca\"}]}<\/script>\n<!-- \/ Yoast SEO plugin. -->","yoast_head_json":{"title":"Customs - Torrents Law and Customs","robots":{"index":"index","follow":"follow","max-snippet":"max-snippet:-1","max-image-preview":"max-image-preview:large","max-video-preview":"max-video-preview:-1"},"canonical":"https:\/\/torrentstlc.com\/ca\/serveis\/customs","og_locale":"ca_ES","og_type":"article","og_title":"Customs - Torrents Law and Customs","og_description":"[vc_row css_animation=&#8221;&#8221; row_type=&#8221;row&#8221; use_row_as_full_screen_section=&#8221;no&#8221; type=&#8221;full_width&#8221; angled_section=&#8221;no&#8221; text_align=&#8221;left&#8221; background_image_as_pattern=&#8221;without_pattern&#8221; z_index=&#8221;&#8221; padding_top=&#8221;84&#8243; padding_bottom=&#8221;84&#8243;][vc_column][vc_row_inner row_type=&#8221;row&#8221; type=&#8221;full_width&#8221; text_align=&#8221;center&#8221; css_animation=&#8221;&#8221;][vc_column_inner width=&#8221;1\/5&#8243;][\/vc_column_inner][vc_column_inner width=&#8221;1\/5&#8243;][\/vc_column_inner][vc_column_inner width=&#8221;1\/5&#8243;][vc_column_text] C Customs [\/vc_column_text][vc_separator type=&#8221;transparent&#8221; thickness=&#8221;24&#8243;][\/vc_column_inner][vc_column_inner width=&#8221;1\/5&#8243;][\/vc_column_inner][vc_column_inner width=&#8221;1\/5&#8243;][\/vc_column_inner][\/vc_row_inner][vc_row_inner row_type=&#8221;row&#8221; type=&#8221;grid&#8221; text_align=&#8221;center&#8221; css_animation=&#8221;&#8221;][vc_column_inner width=&#8221;1\/6&#8243;][\/vc_column_inner][vc_column_inner width=&#8221;2\/3&#8243;][vc_column_text] Serveis de consultoria duanera &nbsp; Posem al teu abast un servei d&#8217;assessorament global en...","og_url":"https:\/\/torrentstlc.com\/ca\/serveis\/customs","og_site_name":"Torrents Law and Customs","article_modified_time":"2021-04-25T09:40:19+00:00","twitter_card":"summary_large_image","twitter_misc":{"Temps estimat de lectura":"7 minuts"},"schema":{"@context":"https:\/\/schema.org","@graph":[{"@type":"WebPage","@id":"https:\/\/torrentstlc.com\/ca\/serveis\/customs","url":"https:\/\/torrentstlc.com\/ca\/serveis\/customs","name":"Customs - Torrents Law and Customs","isPartOf":{"@id":"https:\/\/torrentstlc.com\/ca#website"},"datePublished":"2020-11-08T11:35:18+00:00","dateModified":"2021-04-25T09:40:19+00:00","breadcrumb":{"@id":"https:\/\/torrentstlc.com\/ca\/serveis\/customs#breadcrumb"},"inLanguage":"ca","potentialAction":[{"@type":"ReadAction","target":["https:\/\/torrentstlc.com\/ca\/serveis\/customs"]}]},{"@type":"BreadcrumbList","@id":"https:\/\/torrentstlc.com\/ca\/serveis\/customs#breadcrumb","itemListElement":[{"@type":"ListItem","position":1,"name":"Portada","item":"https:\/\/torrentstlc.com\/ca\/inici"},{"@type":"ListItem","position":2,"name":"Serveis","item":"https:\/\/torrentstlc.com\/ca\/serveis"},{"@type":"ListItem","position":3,"name":"Customs"}]},{"@type":"WebSite","@id":"https:\/\/torrentstlc.com\/ca#website","url":"https:\/\/torrentstlc.com\/ca","name":"Torrents Law and Customs","description":"Comercio exterior e internacionalizaci\u00f3n","potentialAction":[{"@type":"SearchAction","target":{"@type":"EntryPoint","urlTemplate":"https:\/\/torrentstlc.com\/ca?s={search_term_string}"},"query-input":{"@type":"PropertyValueSpecification","valueRequired":true,"valueName":"search_term_string"}}],"inLanguage":"ca"}]}},"_links":{"self":[{"href":"https:\/\/torrentstlc.com\/ca\/wp-json\/wp\/v2\/pages\/2146"}],"collection":[{"href":"https:\/\/torrentstlc.com\/ca\/wp-json\/wp\/v2\/pages"}],"about":[{"href":"https:\/\/torrentstlc.com\/ca\/wp-json\/wp\/v2\/types\/page"}],"author":[{"embeddable":true,"href":"https:\/\/torrentstlc.com\/ca\/wp-json\/wp\/v2\/users\/1"}],"replies":[{"embeddable":true,"href":"https:\/\/torrentstlc.com\/ca\/wp-json\/wp\/v2\/comments?post=2146"}],"version-history":[{"count":7,"href":"https:\/\/torrentstlc.com\/ca\/wp-json\/wp\/v2\/pages\/2146\/revisions"}],"predecessor-version":[{"id":2180,"href":"https:\/\/torrentstlc.com\/ca\/wp-json\/wp\/v2\/pages\/2146\/revisions\/2180"}],"up":[{"embeddable":true,"href":"https:\/\/torrentstlc.com\/ca\/wp-json\/wp\/v2\/pages\/1590"}],"wp:attachment":[{"href":"https:\/\/torrentstlc.com\/ca\/wp-json\/wp\/v2\/media?parent=2146"}],"curies":[{"name":"wp","href":"https:\/\/api.w.org\/{rel}","templated":true}]}}