{"id":2160,"date":"2020-11-21T10:12:05","date_gmt":"2020-11-21T10:12:05","guid":{"rendered":"https:\/\/torrentstlc.com\/serveis\/customs\/brexit"},"modified":"2021-04-25T09:31:19","modified_gmt":"2021-04-25T09:31:19","slug":"brexit","status":"publish","type":"page","link":"https:\/\/torrentstlc.com\/ca\/serveis\/customs\/brexit","title":{"rendered":"Brexit"},"content":{"rendered":"<p>[vc_row css_animation=&#8221;&#8221; row_type=&#8221;row&#8221; use_row_as_full_screen_section=&#8221;no&#8221; type=&#8221;full_width&#8221; angled_section=&#8221;no&#8221; text_align=&#8221;left&#8221; background_image_as_pattern=&#8221;without_pattern&#8221; z_index=&#8221;&#8221; padding_top=&#8221;84&#8243; padding_bottom=&#8221;84&#8243;][vc_column][vc_row_inner row_type=&#8221;row&#8221; type=&#8221;grid&#8221; text_align=&#8221;center&#8221; css_animation=&#8221;&#8221;][vc_column_inner width=&#8221;1\/6&#8243;][\/vc_column_inner][vc_column_inner width=&#8221;2\/3&#8243;][vc_column_text]<\/p>\n<h2>Brexit is here: <span style=\"color: #a893ff;\">TAKE ACTION!<\/span><\/h2>\n<p>&nbsp;<\/p>\n<p><strong>El Brexit ja \u00e9s una realitat<\/strong> imminent que podria afectar al teu negoci en \u00e0rees com m\u00e0rqueting i venda, finances, recursos humans, contractaci\u00f3, propietat intel\u00b7lectual, importacions \/ exportacions, recerca de socis comercials, planificaci\u00f3 de sortides comercials i regulaci\u00f3 t\u00e8cnica i d&#8217;etiquetatge.<\/p>\n<p>&nbsp;<\/p>\n<p><strong>Fins i tot amb el nou Acord de Comer\u00e7 i Cooperaci\u00f3 UE-Regne Unit<\/strong>, es produiran canvis a partir de l&#8217;1 de gener de 2021 perqu\u00e8 el Regne Unit abandona el mercat \u00fanic i la uni\u00f3 duanera de la UE, aix\u00ed com totes les pol\u00edtiques de la UE i els acords internacionals. En conseq\u00fc\u00e8ncia, tots dos blocs formaran dos mercats separats; dos espais regulatoris i legals diferents.<\/p>\n<p>Per aix\u00f2, s&#8217;ha de realitzar una an\u00e0lisi del contingut de l&#8217;acord per determinar la incid\u00e8ncia sobre la situaci\u00f3 de les empreses. Podem ajudar-te a trav\u00e9s dels nostres serveis de consultoria o de formaci\u00f3.[\/vc_column_text][\/vc_column_inner][vc_column_inner width=&#8221;1\/6&#8243;][\/vc_column_inner][\/vc_row_inner][\/vc_column][\/vc_row][vc_row css_animation=&#8221;&#8221; row_type=&#8221;row&#8221; use_row_as_full_screen_section=&#8221;no&#8221; type=&#8221;full_width&#8221; angled_section=&#8221;no&#8221; text_align=&#8221;left&#8221; background_image_as_pattern=&#8221;without_pattern&#8221; z_index=&#8221;&#8221; padding_top=&#8221;84&#8243; padding_bottom=&#8221;84&#8243; background_color=&#8221;#ffffff&#8221;][vc_column][vc_row_inner row_type=&#8221;row&#8221; type=&#8221;grid&#8221; text_align=&#8221;left&#8221; css_animation=&#8221;&#8221;][vc_column_inner width=&#8221;1\/6&#8243;][\/vc_column_inner][vc_column_inner width=&#8221;2\/3&#8243;]<div class='q_list circle'>La sortida del Regne Unit de la Uni\u00f3 Europea impacta en les relacions comercials entre ambdues regions.<\/p>\n<p>&nbsp;<\/p>\n<p>\u00c9s fonamental adaptar els processos interns per donar resposta als reptes d&#8217;aquest nou escenari sense posar en risc la continu\u00eftat de l&#8217;activitat comercial, aix\u00ed com per aprofitar les noves oportunitats i n\u00ednxols de negoci.<\/p>\n<p>&nbsp;<\/p>\n<p>Existeixen solucions legals per minimitzar l&#8217;impacte del Brexit sobre el comer\u00e7 internacional i que les empreses no perdin competitivitat.<\/p>\n<p>&nbsp;<\/p>\n<ul>\n<li>Resoluci\u00f3 de consultes de diversa tem\u00e0tica focalitzada en el Brexit (contractaci\u00f3, prospectiva comercial, acords comercials i pol\u00edtica comercial, normes d&#8217;origen, aranzels i tributaci\u00f3, mobilitat de treballadors i altra informaci\u00f3 rellevant)<\/li>\n<li>Eines digitals de suport (classificaci\u00f3 &#8211; tariff code; exportaci\u00f3-importaci\u00f3)<\/li>\n<li>Diagn\u00f2stic: Avaluaci\u00f3 d&#8217;impacte, identificaci\u00f3 de punts clau per a la prendre de decisions<\/li>\n<li>Elaboraci\u00f3 de plans de conting\u00e8ncia<\/li>\n<li>Definici\u00f3 de les accions de mitigaci\u00f3, opcions estrat\u00e8giques claus, preparaci\u00f3 per a executar-les<\/li>\n<li>Monitoritzaci\u00f3 i suport continuat<\/li>\n<\/ul>\n<p><\/div>[\/vc_column_inner][vc_column_inner width=&#8221;1\/6&#8243;][\/vc_column_inner][\/vc_row_inner][vc_row_inner row_type=&#8221;row&#8221; type=&#8221;grid&#8221; text_align=&#8221;left&#8221; css_animation=&#8221;&#8221;][vc_column_inner width=&#8221;1\/4&#8243;][\/vc_column_inner][vc_column_inner width=&#8221;1\/4&#8243;][vc_btn title=&#8221;Curs Brexit&#8221; css_animation=&#8221;flipInX&#8221; link=&#8221;url:https%3A%2F%2Ftorrentstlc.com%2Fca%2Fformacio%2Fcursos|target:_blank|&#8221;][\/vc_column_inner][vc_column_inner width=&#8221;1\/4&#8243;][vc_btn title=&#8221;Consultoria&#8221; css_animation=&#8221;flipInX&#8221; link=&#8221;url:https%3A%2F%2Ftorrentstlc.com%2Fca%2Fcontacte|target:_blank|&#8221;][\/vc_column_inner][vc_column_inner width=&#8221;1\/4&#8243;][\/vc_column_inner][\/vc_row_inner][\/vc_column][\/vc_row][vc_row css_animation=&#8221;&#8221; row_type=&#8221;row&#8221; use_row_as_full_screen_section=&#8221;no&#8221; type=&#8221;grid&#8221; angled_section=&#8221;no&#8221; text_align=&#8221;left&#8221; background_image_as_pattern=&#8221;without_pattern&#8221; z_index=&#8221;&#8221; padding_top=&#8221;84&#8243; padding_bottom=&#8221;84&#8243;][vc_column][vc_row_inner row_type=&#8221;row&#8221; type=&#8221;grid&#8221; text_align=&#8221;center&#8221; css_animation=&#8221;&#8221;][vc_column_inner width=&#8221;1\/6&#8243;][\/vc_column_inner][vc_column_inner width=&#8221;2\/3&#8243;][vc_column_text]<\/p>\n<h2>ESTRAT\u00c8GIA<\/h2>\n<p>&nbsp;<\/p>\n<h3>20 passos per <span style=\"color: #a893ff;\">assegurar la teva operativa<\/span><\/h3>\n<p>[\/vc_column_text][vc_separator type=&#8221;transparent&#8221; thickness=&#8221;84&#8243;][\/vc_column_inner][vc_column_inner width=&#8221;1\/6&#8243;][\/vc_column_inner][\/vc_row_inner][vc_row_inner row_type=&#8221;row&#8221; type=&#8221;grid&#8221; text_align=&#8221;center&#8221; css_animation=&#8221;&#8221;][vc_column_inner width=&#8221;1\/6&#8243;][vc_column_text]<\/p>\n<h2 class=\"circle-heading-title\">1<\/h2>\n<h3>EMPRESA<\/h3>\n<p>&nbsp;<\/p>\n<p>Identificar l&#8217;empresa \u2013 EORI[\/vc_column_text][vc_separator type=&#8221;transparent&#8221; thickness=&#8221;24&#8243;][\/vc_column_inner][vc_column_inner width=&#8221;1\/6&#8243;][vc_column_text]<\/p>\n<h2 class=\"circle-heading-title\">2<\/h2>\n<h3>\u00bfPRODUCTE?<\/h3>\n<p>&nbsp;<\/p>\n<p>Classificaci\u00f3: Partida aranzel\u00e0ria[\/vc_column_text][vc_separator type=&#8221;transparent&#8221; thickness=&#8221;24&#8243;][\/vc_column_inner][vc_column_inner width=&#8221;1\/6&#8243;][vc_column_text]<\/p>\n<h2 class=\"circle-heading-title\">3<\/h2>\n<h3>\u00bf<b>CONTROLS?<\/b><\/h3>\n<p>&nbsp;<\/p>\n<p>Con\u00e8ixer i familiaritzar-se amb els nous requisits duaners i para-duaners[\/vc_column_text][vc_separator type=&#8221;transparent&#8221; thickness=&#8221;24&#8243;][\/vc_column_inner][vc_column_inner width=&#8221;1\/6&#8243;][vc_column_text]<\/p>\n<h2 class=\"circle-heading-title\">4<\/h2>\n<h3>TRACTAMENT<\/h3>\n<p>&nbsp;<\/p>\n<p>Determinar origen mercaderia; Valorar impacte acords comercials[\/vc_column_text][vc_separator type=&#8221;transparent&#8221; thickness=&#8221;24&#8243;][\/vc_column_inner][vc_column_inner width=&#8221;1\/6&#8243;][vc_column_text]<\/p>\n<h2 class=\"circle-heading-title\">5<\/h2>\n<h3><b>BASE<\/b><\/h3>\n<p>&nbsp;<\/p>\n<p>Valor[\/vc_column_text][vc_separator type=&#8221;transparent&#8221; thickness=&#8221;24&#8243;][\/vc_column_inner][vc_column_inner width=&#8221;1\/6&#8243;][vc_column_text]<\/p>\n<h2 class=\"circle-heading-title\">6<\/h2>\n<h3>DOCUMENTS<\/h3>\n<p>&nbsp;<\/p>\n<p>Esbrinar la necessitat de llic\u00e8ncies o certificacions, homologacions, etc.[\/vc_column_text][vc_separator type=&#8221;transparent&#8221; thickness=&#8221;24&#8243;][\/vc_column_inner][\/vc_row_inner][vc_row_inner row_type=&#8221;row&#8221; type=&#8221;grid&#8221; text_align=&#8221;center&#8221; css_animation=&#8221;&#8221;][vc_column_inner width=&#8221;1\/3&#8243;][\/vc_column_inner][vc_column_inner width=&#8221;1\/3&#8243;][vc_separator type=&#8221;transparent&#8221; thickness=&#8221;24&#8243;][vc_column_text]<\/p>\n<h2 class=\"circle-heading-title-green\">7<\/h2>\n<h3>COSTOS<\/h3>\n<p>&nbsp;<\/p>\n<p>Integrar costos derivats de noves formalitats, impostos, aranzels, taxes duaneres&#8230;[\/vc_column_text][vc_separator type=&#8221;transparent&#8221; thickness=&#8221;84&#8243;][\/vc_column_inner][vc_column_inner width=&#8221;1\/3&#8243;][\/vc_column_inner][\/vc_row_inner][vc_row_inner row_type=&#8221;row&#8221; type=&#8221;grid&#8221; text_align=&#8221;center&#8221; css_animation=&#8221;&#8221;][vc_column_inner width=&#8221;1\/6&#8243;][vc_column_text]<\/p>\n<h2 class=\"circle-heading-title\">8<\/h2>\n<h3>FISCALITAT EFICIENT<\/h3>\n<p>&nbsp;<\/p>\n<p>\u00bfIVA diferit? Reemborsament de l&#8217;IVA[\/vc_column_text][vc_separator type=&#8221;transparent&#8221; thickness=&#8221;24&#8243;][\/vc_column_inner][vc_column_inner width=&#8221;1\/6&#8243;][vc_column_text]<\/p>\n<h2 class=\"circle-heading-title\">9<\/h2>\n<h3>GESTI\u00d3<\/h3>\n<p>&nbsp;<\/p>\n<p>Integrar impacte gesti\u00f3, temps i c\u00e0rregues administrativa[\/vc_column_text][vc_separator type=&#8221;transparent&#8221; thickness=&#8221;24&#8243;][\/vc_column_inner][vc_column_inner width=&#8221;1\/6&#8243;][vc_column_text]<\/p>\n<h2 class=\"circle-heading-title\">10<\/h2>\n<h3>COMUNICACI\u00d3<\/h3>\n<p>&nbsp;<\/p>\n<p>Comunicaci\u00f3 amb el destinatari &#8211; cerciorar-se que l&#8217;importador coneix els requisits[\/vc_column_text][vc_separator type=&#8221;transparent&#8221; thickness=&#8221;24&#8243;][\/vc_column_inner][vc_column_inner width=&#8221;1\/6&#8243;][vc_column_text]<\/p>\n<h2 class=\"circle-heading-title\">11<\/h2>\n<h3>DUANES<\/h3>\n<p>&nbsp;<\/p>\n<p>Apoderar agent duaner; DUA[\/vc_column_text][vc_separator type=&#8221;transparent&#8221; thickness=&#8221;24&#8243;][\/vc_column_inner][vc_column_inner width=&#8221;1\/6&#8243;][vc_column_text]<\/p>\n<h2 class=\"circle-heading-title\">12<\/h2>\n<h3>CONTRACTACI\u00d3<\/h3>\n<p>&nbsp;<\/p>\n<p>Revisar els contractes: Aclarir termes[\/vc_column_text][vc_separator type=&#8221;transparent&#8221; thickness=&#8221;24&#8243;][\/vc_column_inner][vc_column_inner width=&#8221;1\/6&#8243;][vc_column_text]<\/p>\n<h2 class=\"circle-heading-title\">13<\/h2>\n<h3>ENTREGA<\/h3>\n<p>&nbsp;<\/p>\n<p>Condici\u00f3 de lliurament: Incoterms 2020[\/vc_column_text][vc_separator type=&#8221;transparent&#8221; thickness=&#8221;24&#8243;][\/vc_column_inner][\/vc_row_inner][vc_row_inner row_type=&#8221;row&#8221; type=&#8221;grid&#8221; text_align=&#8221;center&#8221; css_animation=&#8221;&#8221;][vc_column_inner width=&#8221;1\/3&#8243;][\/vc_column_inner][vc_column_inner width=&#8221;1\/3&#8243;][vc_separator type=&#8221;transparent&#8221; thickness=&#8221;24&#8243;][vc_column_text]<\/p>\n<h2 class=\"circle-heading-title-green\">14<\/h2>\n<h3>LOG\u00cdSTICA<\/h3>\n<p>&nbsp;<\/p>\n<p>Considerar alternatives log\u00edstiques[\/vc_column_text][vc_separator type=&#8221;transparent&#8221; thickness=&#8221;84&#8243;][\/vc_column_inner][vc_column_inner width=&#8221;1\/3&#8243;][\/vc_column_inner][\/vc_row_inner][vc_row_inner row_type=&#8221;row&#8221; type=&#8221;grid&#8221; text_align=&#8221;center&#8221; css_animation=&#8221;&#8221;][vc_column_inner width=&#8221;1\/6&#8243;][vc_column_text]<\/p>\n<h2 class=\"circle-heading-title\">15<\/h2>\n<h3>TRANSPORT<\/h3>\n<p>&nbsp;<\/p>\n<p>Permisos? Rutes?[\/vc_column_text][vc_separator type=&#8221;transparent&#8221; thickness=&#8221;24&#8243;][\/vc_column_inner][vc_column_inner width=&#8221;1\/6&#8243;][vc_column_text]<\/p>\n<h2 class=\"circle-heading-title\">16<\/h2>\n<h3>EMMAGATZEMATGE<\/h3>\n<p>&nbsp;<\/p>\n<p>Stock Impacte fiscal; registres empresa[\/vc_column_text][vc_separator type=&#8221;transparent&#8221; thickness=&#8221;24&#8243;][\/vc_column_inner][vc_column_inner width=&#8221;1\/6&#8243;][vc_column_text]<\/p>\n<h2 class=\"circle-heading-title\">17<\/h2>\n<h3>OPTIMITZACI\u00d3<\/h3>\n<p>&nbsp;<\/p>\n<p>Simplificacions duaneres: OEA, exportador autoritzat, REX RPA, RPP, DA[\/vc_column_text][vc_separator type=&#8221;transparent&#8221; thickness=&#8221;24&#8243;][\/vc_column_inner][vc_column_inner width=&#8221;1\/6&#8243;][vc_column_text]<\/p>\n<h2 class=\"circle-heading-title\">18<\/h2>\n<h3>MARCA<\/h3>\n<p>&nbsp;<\/p>\n<p>Valorar necessitat registre de propietat intel\u00b7lectual[\/vc_column_text][vc_separator type=&#8221;transparent&#8221; thickness=&#8221;24&#8243;][\/vc_column_inner][vc_column_inner width=&#8221;1\/6&#8243;][vc_column_text]<\/p>\n<h2 class=\"circle-heading-title\">19<\/h2>\n<h3>CONTROV\u00c8RSIES<\/h3>\n<p>&nbsp;<\/p>\n<p>Implicacions en cas d&#8217;incompliments: llei aplicable[\/vc_column_text][vc_separator type=&#8221;transparent&#8221; thickness=&#8221;24&#8243;][\/vc_column_inner][vc_column_inner width=&#8221;1\/6&#8243;][vc_column_text]<\/p>\n<h2 class=\"circle-heading-title\">20<\/h2>\n<h3>ALTRES<\/h3>\n<p>&nbsp;<\/p>\n<p>Mobilitat personal; visats; protecci\u00f3 de dades, etc.[\/vc_column_text][vc_separator type=&#8221;transparent&#8221; thickness=&#8221;24&#8243;][\/vc_column_inner][\/vc_row_inner][\/vc_column][\/vc_row]<\/p>\n","protected":false},"excerpt":{"rendered":"<p>[vc_row css_animation=&#8221;&#8221; row_type=&#8221;row&#8221; use_row_as_full_screen_section=&#8221;no&#8221; type=&#8221;full_width&#8221; angled_section=&#8221;no&#8221; text_align=&#8221;left&#8221; background_image_as_pattern=&#8221;without_pattern&#8221; z_index=&#8221;&#8221; padding_top=&#8221;84&#8243; padding_bottom=&#8221;84&#8243;][vc_column][vc_row_inner row_type=&#8221;row&#8221; type=&#8221;grid&#8221; text_align=&#8221;center&#8221; css_animation=&#8221;&#8221;][vc_column_inner width=&#8221;1\/6&#8243;][\/vc_column_inner][vc_column_inner width=&#8221;2\/3&#8243;][vc_column_text] Brexit is here: TAKE ACTION! &nbsp; El Brexit ja \u00e9s una realitat imminent que podria afectar al teu negoci en \u00e0rees com m\u00e0rqueting i venda, finances, recursos humans,&#8230;<\/p>\n","protected":false},"author":1,"featured_media":0,"parent":2146,"menu_order":0,"comment_status":"closed","ping_status":"closed","template":"full_width.php","meta":{"footnotes":""},"class_list":["post-2160","page","type-page","status-publish","hentry"],"yoast_head":"<!-- This site is optimized with the Yoast SEO plugin v23.4 - https:\/\/yoast.com\/wordpress\/plugins\/seo\/ -->\n<title>Brexit - Torrents Law and Customs<\/title>\n<meta name=\"robots\" content=\"index, follow, max-snippet:-1, max-image-preview:large, max-video-preview:-1\" \/>\n<link rel=\"canonical\" href=\"https:\/\/torrentstlc.com\/ca\/serveis\/customs\/brexit\" \/>\n<meta property=\"og:locale\" content=\"ca_ES\" \/>\n<meta property=\"og:type\" content=\"article\" \/>\n<meta property=\"og:title\" content=\"Brexit - Torrents Law and Customs\" \/>\n<meta property=\"og:description\" content=\"[vc_row css_animation=&#8221;&#8221; row_type=&#8221;row&#8221; use_row_as_full_screen_section=&#8221;no&#8221; type=&#8221;full_width&#8221; angled_section=&#8221;no&#8221; text_align=&#8221;left&#8221; background_image_as_pattern=&#8221;without_pattern&#8221; z_index=&#8221;&#8221; padding_top=&#8221;84&#8243; padding_bottom=&#8221;84&#8243;][vc_column][vc_row_inner row_type=&#8221;row&#8221; type=&#8221;grid&#8221; text_align=&#8221;center&#8221; css_animation=&#8221;&#8221;][vc_column_inner width=&#8221;1\/6&#8243;][\/vc_column_inner][vc_column_inner width=&#8221;2\/3&#8243;][vc_column_text] Brexit is here: TAKE ACTION! &nbsp; El Brexit ja \u00e9s una realitat imminent que podria afectar al teu negoci en \u00e0rees com m\u00e0rqueting i venda, finances, recursos humans,...\" \/>\n<meta property=\"og:url\" content=\"https:\/\/torrentstlc.com\/ca\/serveis\/customs\/brexit\" \/>\n<meta property=\"og:site_name\" content=\"Torrents Law and Customs\" \/>\n<meta property=\"article:modified_time\" content=\"2021-04-25T09:31:19+00:00\" \/>\n<meta name=\"twitter:card\" content=\"summary_large_image\" \/>\n<meta name=\"twitter:label1\" content=\"Temps estimat de lectura\" \/>\n\t<meta name=\"twitter:data1\" content=\"7 minuts\" \/>\n<script type=\"application\/ld+json\" class=\"yoast-schema-graph\">{\"@context\":\"https:\/\/schema.org\",\"@graph\":[{\"@type\":\"WebPage\",\"@id\":\"https:\/\/torrentstlc.com\/ca\/serveis\/customs\/brexit\",\"url\":\"https:\/\/torrentstlc.com\/ca\/serveis\/customs\/brexit\",\"name\":\"Brexit - Torrents Law and Customs\",\"isPartOf\":{\"@id\":\"https:\/\/torrentstlc.com\/ca#website\"},\"datePublished\":\"2020-11-21T10:12:05+00:00\",\"dateModified\":\"2021-04-25T09:31:19+00:00\",\"breadcrumb\":{\"@id\":\"https:\/\/torrentstlc.com\/ca\/serveis\/customs\/brexit#breadcrumb\"},\"inLanguage\":\"ca\",\"potentialAction\":[{\"@type\":\"ReadAction\",\"target\":[\"https:\/\/torrentstlc.com\/ca\/serveis\/customs\/brexit\"]}]},{\"@type\":\"BreadcrumbList\",\"@id\":\"https:\/\/torrentstlc.com\/ca\/serveis\/customs\/brexit#breadcrumb\",\"itemListElement\":[{\"@type\":\"ListItem\",\"position\":1,\"name\":\"Portada\",\"item\":\"https:\/\/torrentstlc.com\/ca\/inici\"},{\"@type\":\"ListItem\",\"position\":2,\"name\":\"Serveis\",\"item\":\"https:\/\/torrentstlc.com\/ca\/serveis\"},{\"@type\":\"ListItem\",\"position\":3,\"name\":\"Customs\",\"item\":\"https:\/\/torrentstlc.com\/ca\/serveis\/customs\"},{\"@type\":\"ListItem\",\"position\":4,\"name\":\"Brexit\"}]},{\"@type\":\"WebSite\",\"@id\":\"https:\/\/torrentstlc.com\/ca#website\",\"url\":\"https:\/\/torrentstlc.com\/ca\",\"name\":\"Torrents Law and Customs\",\"description\":\"Comercio exterior e internacionalizaci\u00f3n\",\"potentialAction\":[{\"@type\":\"SearchAction\",\"target\":{\"@type\":\"EntryPoint\",\"urlTemplate\":\"https:\/\/torrentstlc.com\/ca?s={search_term_string}\"},\"query-input\":{\"@type\":\"PropertyValueSpecification\",\"valueRequired\":true,\"valueName\":\"search_term_string\"}}],\"inLanguage\":\"ca\"}]}<\/script>\n<!-- \/ Yoast SEO plugin. -->","yoast_head_json":{"title":"Brexit - Torrents Law and Customs","robots":{"index":"index","follow":"follow","max-snippet":"max-snippet:-1","max-image-preview":"max-image-preview:large","max-video-preview":"max-video-preview:-1"},"canonical":"https:\/\/torrentstlc.com\/ca\/serveis\/customs\/brexit","og_locale":"ca_ES","og_type":"article","og_title":"Brexit - Torrents Law and Customs","og_description":"[vc_row css_animation=&#8221;&#8221; row_type=&#8221;row&#8221; use_row_as_full_screen_section=&#8221;no&#8221; type=&#8221;full_width&#8221; angled_section=&#8221;no&#8221; text_align=&#8221;left&#8221; background_image_as_pattern=&#8221;without_pattern&#8221; z_index=&#8221;&#8221; padding_top=&#8221;84&#8243; padding_bottom=&#8221;84&#8243;][vc_column][vc_row_inner row_type=&#8221;row&#8221; type=&#8221;grid&#8221; text_align=&#8221;center&#8221; css_animation=&#8221;&#8221;][vc_column_inner width=&#8221;1\/6&#8243;][\/vc_column_inner][vc_column_inner width=&#8221;2\/3&#8243;][vc_column_text] Brexit is here: TAKE ACTION! &nbsp; El Brexit ja \u00e9s una realitat imminent que podria afectar al teu negoci en \u00e0rees com m\u00e0rqueting i venda, finances, recursos humans,...","og_url":"https:\/\/torrentstlc.com\/ca\/serveis\/customs\/brexit","og_site_name":"Torrents Law and Customs","article_modified_time":"2021-04-25T09:31:19+00:00","twitter_card":"summary_large_image","twitter_misc":{"Temps estimat de lectura":"7 minuts"},"schema":{"@context":"https:\/\/schema.org","@graph":[{"@type":"WebPage","@id":"https:\/\/torrentstlc.com\/ca\/serveis\/customs\/brexit","url":"https:\/\/torrentstlc.com\/ca\/serveis\/customs\/brexit","name":"Brexit - Torrents Law and Customs","isPartOf":{"@id":"https:\/\/torrentstlc.com\/ca#website"},"datePublished":"2020-11-21T10:12:05+00:00","dateModified":"2021-04-25T09:31:19+00:00","breadcrumb":{"@id":"https:\/\/torrentstlc.com\/ca\/serveis\/customs\/brexit#breadcrumb"},"inLanguage":"ca","potentialAction":[{"@type":"ReadAction","target":["https:\/\/torrentstlc.com\/ca\/serveis\/customs\/brexit"]}]},{"@type":"BreadcrumbList","@id":"https:\/\/torrentstlc.com\/ca\/serveis\/customs\/brexit#breadcrumb","itemListElement":[{"@type":"ListItem","position":1,"name":"Portada","item":"https:\/\/torrentstlc.com\/ca\/inici"},{"@type":"ListItem","position":2,"name":"Serveis","item":"https:\/\/torrentstlc.com\/ca\/serveis"},{"@type":"ListItem","position":3,"name":"Customs","item":"https:\/\/torrentstlc.com\/ca\/serveis\/customs"},{"@type":"ListItem","position":4,"name":"Brexit"}]},{"@type":"WebSite","@id":"https:\/\/torrentstlc.com\/ca#website","url":"https:\/\/torrentstlc.com\/ca","name":"Torrents Law and Customs","description":"Comercio exterior e internacionalizaci\u00f3n","potentialAction":[{"@type":"SearchAction","target":{"@type":"EntryPoint","urlTemplate":"https:\/\/torrentstlc.com\/ca?s={search_term_string}"},"query-input":{"@type":"PropertyValueSpecification","valueRequired":true,"valueName":"search_term_string"}}],"inLanguage":"ca"}]}},"_links":{"self":[{"href":"https:\/\/torrentstlc.com\/ca\/wp-json\/wp\/v2\/pages\/2160"}],"collection":[{"href":"https:\/\/torrentstlc.com\/ca\/wp-json\/wp\/v2\/pages"}],"about":[{"href":"https:\/\/torrentstlc.com\/ca\/wp-json\/wp\/v2\/types\/page"}],"author":[{"embeddable":true,"href":"https:\/\/torrentstlc.com\/ca\/wp-json\/wp\/v2\/users\/1"}],"replies":[{"embeddable":true,"href":"https:\/\/torrentstlc.com\/ca\/wp-json\/wp\/v2\/comments?post=2160"}],"version-history":[{"count":5,"href":"https:\/\/torrentstlc.com\/ca\/wp-json\/wp\/v2\/pages\/2160\/revisions"}],"predecessor-version":[{"id":2165,"href":"https:\/\/torrentstlc.com\/ca\/wp-json\/wp\/v2\/pages\/2160\/revisions\/2165"}],"up":[{"embeddable":true,"href":"https:\/\/torrentstlc.com\/ca\/wp-json\/wp\/v2\/pages\/2146"}],"wp:attachment":[{"href":"https:\/\/torrentstlc.com\/ca\/wp-json\/wp\/v2\/media?parent=2160"}],"curies":[{"name":"wp","href":"https:\/\/api.w.org\/{rel}","templated":true}]}}