{"id":2166,"date":"2020-11-08T11:16:50","date_gmt":"2020-11-08T11:16:50","guid":{"rendered":"https:\/\/torrentstlc.com\/serveis\/law"},"modified":"2021-04-25T09:34:39","modified_gmt":"2021-04-25T09:34:39","slug":"law","status":"publish","type":"page","link":"https:\/\/torrentstlc.com\/ca\/serveis\/law","title":{"rendered":"Law"},"content":{"rendered":"<p>[vc_row css_animation=&#8221;&#8221; row_type=&#8221;row&#8221; use_row_as_full_screen_section=&#8221;no&#8221; type=&#8221;full_width&#8221; angled_section=&#8221;no&#8221; text_align=&#8221;left&#8221; background_image_as_pattern=&#8221;without_pattern&#8221; z_index=&#8221;&#8221; padding_top=&#8221;84&#8243; padding_bottom=&#8221;84&#8243;][vc_column][vc_row_inner row_type=&#8221;row&#8221; type=&#8221;full_width&#8221; text_align=&#8221;center&#8221; css_animation=&#8221;&#8221;][vc_column_inner width=&#8221;1\/5&#8243;][\/vc_column_inner][vc_column_inner width=&#8221;1\/5&#8243;][\/vc_column_inner][vc_column_inner width=&#8221;1\/5&#8243;][vc_column_text]<\/p>\n<h1 style=\"font-family: serif; font-size: 56px; font-weight: 400;\"><span style=\"color: #a893ff;\">L<\/span><\/h1>\n<h2><span style=\"color: #a893ff;\">Law<\/span><\/h2>\n<p>[\/vc_column_text][vc_separator type=&#8221;transparent&#8221; thickness=&#8221;24&#8243;][\/vc_column_inner][vc_column_inner width=&#8221;1\/5&#8243;][\/vc_column_inner][vc_column_inner width=&#8221;1\/5&#8243;][\/vc_column_inner][\/vc_row_inner][vc_row_inner row_type=&#8221;row&#8221; type=&#8221;grid&#8221; text_align=&#8221;center&#8221; css_animation=&#8221;&#8221;][vc_column_inner width=&#8221;1\/6&#8243;][\/vc_column_inner][vc_column_inner width=&#8221;2\/3&#8243;][vc_column_text]<\/p>\n<h2>Serveis jur\u00eddics<\/h2>\n<p>&nbsp;<\/p>\n<p>Posem al teu abast un servei d&#8217;assessorament jur\u00eddic internacional que t&#8217;ofereix la m\u00e0xima seguretat jur\u00eddica en la teva sortida a l&#8217;mercat exterior, aix\u00ed com la protecci\u00f3 necess\u00e0ria en el desenvolupament de la teva activitat en l&#8217;\u00e0mbit nacional.[\/vc_column_text][\/vc_column_inner][vc_column_inner width=&#8221;1\/6&#8243;][\/vc_column_inner][\/vc_row_inner][\/vc_column][\/vc_row][vc_row css_animation=&#8221;&#8221; row_type=&#8221;row&#8221; use_row_as_full_screen_section=&#8221;no&#8221; type=&#8221;full_width&#8221; angled_section=&#8221;no&#8221; text_align=&#8221;left&#8221; background_image_as_pattern=&#8221;without_pattern&#8221; z_index=&#8221;&#8221; padding_top=&#8221;84&#8243; padding_bottom=&#8221;84&#8243; background_color=&#8221;#ffffff&#8221;][vc_column][vc_row_inner row_type=&#8221;row&#8221; type=&#8221;grid&#8221; text_align=&#8221;center&#8221; css_animation=&#8221;&#8221;][vc_column_inner width=&#8221;1\/6&#8243;][\/vc_column_inner][vc_column_inner width=&#8221;2\/3&#8243;][vc_column_text]<\/p>\n<h2><span style=\"color: #a893ff;\">\u00c0rees<\/span> de servei<\/h2>\n<p>[\/vc_column_text][\/vc_column_inner][vc_column_inner width=&#8221;1\/6&#8243;][\/vc_column_inner][\/vc_row_inner][vc_separator type=&#8221;transparent&#8221; thickness=&#8221;24&#8243;][vc_row_inner row_type=&#8221;row&#8221; type=&#8221;grid&#8221; text_align=&#8221;left&#8221; css_animation=&#8221;&#8221;][vc_column_inner width=&#8221;1\/6&#8243;][\/vc_column_inner][vc_column_inner width=&#8221;2\/3&#8243;]<div class='q_list circle'><\/p>\n<ul>\n<li>Dret mercantil i empresarial<\/li>\n<li>Contractaci\u00f3 i assessorament en negociaci\u00f3 de Contractes nacional i internacionals (compravenda internacional, contractes d&#8217;ag\u00e8ncia, distribuci\u00f3, contractes de confidencialitat \u2013 NDA, Joint Venture\u2026)<\/li>\n<li>Compliance<\/li>\n<li>Protecci\u00f3 de dades, pol\u00edtica de privacitat i pol\u00edtica confidencialitat<\/li>\n<li>Pol\u00edtica de Cookies<\/li>\n<li>Dret duaner<\/li>\n<li>Dret fiscal i tributari<\/li>\n<li>Moviment de treballadors<\/li>\n<li>Resoluci\u00f3 de conflictes i arbitratge<\/li>\n<li>Recobrament internacional<\/li>\n<li>Llic\u00e8ncies, patents i \u00fas de marques<\/li>\n<li>Procediments de treball a dist\u00e0ncia<\/li>\n<li>Implantaci\u00f3 i disseny de Pol\u00edtiques d&#8217;Igualtat<\/li>\n<\/ul>\n<p><\/div>[\/vc_column_inner][vc_column_inner width=&#8221;1\/6&#8243;][\/vc_column_inner][\/vc_row_inner][\/vc_column][\/vc_row][vc_row css_animation=&#8221;&#8221; row_type=&#8221;row&#8221; use_row_as_full_screen_section=&#8221;no&#8221; type=&#8221;full_width&#8221; angled_section=&#8221;no&#8221; text_align=&#8221;left&#8221; background_image_as_pattern=&#8221;without_pattern&#8221; z_index=&#8221;&#8221; padding_top=&#8221;84&#8243; padding_bottom=&#8221;84&#8243;][vc_column][vc_row_inner row_type=&#8221;row&#8221; type=&#8221;grid&#8221; text_align=&#8221;center&#8221; css_animation=&#8221;&#8221;][vc_column_inner width=&#8221;1\/6&#8243;][\/vc_column_inner][vc_column_inner width=&#8221;2\/3&#8243;][vc_column_text]<\/p>\n<h2>Per qu\u00e8 nosaltres?<\/h2>\n<p>&nbsp;<\/p>\n<p>Equip propi de professionals del dret especialitzats amb m\u00e9s de 20 anys d&#8217;experi\u00e8ncia, per donar cobertura a qualsevol consulta jur\u00eddica relacionada amb l&#8217;\u00e0mbit nacional o internacional.[\/vc_column_text][\/vc_column_inner][vc_column_inner width=&#8221;1\/6&#8243;][\/vc_column_inner][\/vc_row_inner][\/vc_column][\/vc_row][vc_row css_animation=&#8221;&#8221; row_type=&#8221;row&#8221; use_row_as_full_screen_section=&#8221;no&#8221; type=&#8221;full_width&#8221; angled_section=&#8221;no&#8221; text_align=&#8221;left&#8221; background_image_as_pattern=&#8221;without_pattern&#8221; z_index=&#8221;&#8221; padding_bottom=&#8221;84&#8243;][vc_column][vc_row_inner row_type=&#8221;row&#8221; type=&#8221;grid&#8221; text_align=&#8221;center&#8221; css_animation=&#8221;&#8221;][vc_column_inner width=&#8221;1\/6&#8243;][\/vc_column_inner][vc_column_inner width=&#8221;2\/3&#8243;][vc_column_text]<\/p>\n<h2>Valor afegit<\/h2>\n<p>&nbsp;<\/p>\n<h3><strong>Internacionalitza&#8217;t amb seguretat<\/strong><\/h3>\n<p>&nbsp;<\/p>\n<p>Anticipa&#8217;t i evita els obstacles en comer\u00e7 internacional per garantir que el teu producte o servei arriba al seu dest\u00ed sense incid\u00e8ncies i retards. Un bon assessorament a trav\u00e9s d&#8217;eines jur\u00eddiques que permeten reduir costos, optimitzar els recursos de les empreses importadores i exportadores i facilitar la gesti\u00f3 i el bon fi de les operacions serveis associats a l&#8217;operativa de comer\u00e7 internacional.<\/p>\n<p>&nbsp;<\/p>\n<p>Tant per a empreses que s&#8217;inicien en el m\u00f3n de la importaci\u00f3 o exportaci\u00f3, o b\u00e9, per a empreses consolidades en aquest \u00e0mbit que necessiten assessorament amb l&#8217;objectiu de dominar els processos duaners i del comer\u00e7 internacional, facilitar a les empreses el m\u00e0xim aprofitament de les oportunitats que ofereixen els procediments duaners.<\/p>\n<p><strong> <\/strong><\/p>\n<p>Solucions jur\u00eddiques per prendre decisions conseq\u00fcents i garantir la legalitat dels procediments interns. Planificar operacions i resoldre dubtes jur\u00eddics abastant qualsevol dels \u00e0mbits d&#8217;internacionalitzaci\u00f3 d&#8217;una empresa: des de la gesti\u00f3 duanera i documentaci\u00f3, fins l&#8217;auditoria i la consultoria, passant per l&#8217;\u00e0mbit legal i la gesti\u00f3 fiscal.[\/vc_column_text][\/vc_column_inner][vc_column_inner width=&#8221;1\/6&#8243;][\/vc_column_inner][\/vc_row_inner][\/vc_column][\/vc_row][vc_row css_animation=&#8221;&#8221; row_type=&#8221;row&#8221; use_row_as_full_screen_section=&#8221;no&#8221; type=&#8221;full_width&#8221; angled_section=&#8221;no&#8221; text_align=&#8221;center&#8221; background_image_as_pattern=&#8221;without_pattern&#8221; z_index=&#8221;&#8221; padding_bottom=&#8221;84&#8243;][vc_column]<a  itemprop=\"url\" href=\"https:\/\/torrentstlc.com\/contacto\" target=\"_self\"  class=\"qbutton  large center default\" style=\"\">En qu\u00e8 podem ajudar-te?<\/a>[\/vc_column][\/vc_row]<\/p>\n","protected":false},"excerpt":{"rendered":"<p>[vc_row css_animation=&#8221;&#8221; row_type=&#8221;row&#8221; use_row_as_full_screen_section=&#8221;no&#8221; type=&#8221;full_width&#8221; angled_section=&#8221;no&#8221; text_align=&#8221;left&#8221; background_image_as_pattern=&#8221;without_pattern&#8221; z_index=&#8221;&#8221; padding_top=&#8221;84&#8243; padding_bottom=&#8221;84&#8243;][vc_column][vc_row_inner row_type=&#8221;row&#8221; type=&#8221;full_width&#8221; text_align=&#8221;center&#8221; css_animation=&#8221;&#8221;][vc_column_inner width=&#8221;1\/5&#8243;][\/vc_column_inner][vc_column_inner width=&#8221;1\/5&#8243;][\/vc_column_inner][vc_column_inner width=&#8221;1\/5&#8243;][vc_column_text] L Law [\/vc_column_text][vc_separator type=&#8221;transparent&#8221; thickness=&#8221;24&#8243;][\/vc_column_inner][vc_column_inner width=&#8221;1\/5&#8243;][\/vc_column_inner][vc_column_inner width=&#8221;1\/5&#8243;][\/vc_column_inner][\/vc_row_inner][vc_row_inner row_type=&#8221;row&#8221; type=&#8221;grid&#8221; text_align=&#8221;center&#8221; css_animation=&#8221;&#8221;][vc_column_inner width=&#8221;1\/6&#8243;][\/vc_column_inner][vc_column_inner width=&#8221;2\/3&#8243;][vc_column_text] Serveis jur\u00eddics &nbsp; Posem al teu abast un servei d&#8217;assessorament jur\u00eddic internacional que t&#8217;ofereix&#8230;<\/p>\n","protected":false},"author":1,"featured_media":0,"parent":1590,"menu_order":0,"comment_status":"closed","ping_status":"closed","template":"full_width.php","meta":{"footnotes":""},"class_list":["post-2166","page","type-page","status-publish","hentry"],"yoast_head":"<!-- This site is optimized with the Yoast SEO plugin v23.4 - https:\/\/yoast.com\/wordpress\/plugins\/seo\/ -->\n<title>Law - Torrents Law and Customs<\/title>\n<meta name=\"robots\" content=\"index, follow, max-snippet:-1, max-image-preview:large, max-video-preview:-1\" \/>\n<link rel=\"canonical\" href=\"https:\/\/torrentstlc.com\/ca\/serveis\/law\" \/>\n<meta property=\"og:locale\" content=\"ca_ES\" \/>\n<meta property=\"og:type\" content=\"article\" \/>\n<meta property=\"og:title\" content=\"Law - Torrents Law and Customs\" \/>\n<meta property=\"og:description\" content=\"[vc_row css_animation=&#8221;&#8221; row_type=&#8221;row&#8221; use_row_as_full_screen_section=&#8221;no&#8221; type=&#8221;full_width&#8221; angled_section=&#8221;no&#8221; text_align=&#8221;left&#8221; background_image_as_pattern=&#8221;without_pattern&#8221; z_index=&#8221;&#8221; padding_top=&#8221;84&#8243; padding_bottom=&#8221;84&#8243;][vc_column][vc_row_inner row_type=&#8221;row&#8221; type=&#8221;full_width&#8221; text_align=&#8221;center&#8221; css_animation=&#8221;&#8221;][vc_column_inner width=&#8221;1\/5&#8243;][\/vc_column_inner][vc_column_inner width=&#8221;1\/5&#8243;][\/vc_column_inner][vc_column_inner width=&#8221;1\/5&#8243;][vc_column_text] L Law [\/vc_column_text][vc_separator type=&#8221;transparent&#8221; thickness=&#8221;24&#8243;][\/vc_column_inner][vc_column_inner width=&#8221;1\/5&#8243;][\/vc_column_inner][vc_column_inner width=&#8221;1\/5&#8243;][\/vc_column_inner][\/vc_row_inner][vc_row_inner row_type=&#8221;row&#8221; type=&#8221;grid&#8221; text_align=&#8221;center&#8221; css_animation=&#8221;&#8221;][vc_column_inner width=&#8221;1\/6&#8243;][\/vc_column_inner][vc_column_inner width=&#8221;2\/3&#8243;][vc_column_text] Serveis jur\u00eddics &nbsp; Posem al teu abast un servei d&#8217;assessorament jur\u00eddic internacional que t&#8217;ofereix...\" \/>\n<meta property=\"og:url\" content=\"https:\/\/torrentstlc.com\/ca\/serveis\/law\" \/>\n<meta property=\"og:site_name\" content=\"Torrents Law and Customs\" \/>\n<meta property=\"article:modified_time\" content=\"2021-04-25T09:34:39+00:00\" \/>\n<meta name=\"twitter:card\" content=\"summary_large_image\" \/>\n<meta name=\"twitter:label1\" content=\"Temps estimat de lectura\" \/>\n\t<meta name=\"twitter:data1\" content=\"4 minuts\" \/>\n<script type=\"application\/ld+json\" class=\"yoast-schema-graph\">{\"@context\":\"https:\/\/schema.org\",\"@graph\":[{\"@type\":\"WebPage\",\"@id\":\"https:\/\/torrentstlc.com\/ca\/serveis\/law\",\"url\":\"https:\/\/torrentstlc.com\/ca\/serveis\/law\",\"name\":\"Law - Torrents Law and Customs\",\"isPartOf\":{\"@id\":\"https:\/\/torrentstlc.com\/ca#website\"},\"datePublished\":\"2020-11-08T11:16:50+00:00\",\"dateModified\":\"2021-04-25T09:34:39+00:00\",\"breadcrumb\":{\"@id\":\"https:\/\/torrentstlc.com\/ca\/serveis\/law#breadcrumb\"},\"inLanguage\":\"ca\",\"potentialAction\":[{\"@type\":\"ReadAction\",\"target\":[\"https:\/\/torrentstlc.com\/ca\/serveis\/law\"]}]},{\"@type\":\"BreadcrumbList\",\"@id\":\"https:\/\/torrentstlc.com\/ca\/serveis\/law#breadcrumb\",\"itemListElement\":[{\"@type\":\"ListItem\",\"position\":1,\"name\":\"Portada\",\"item\":\"https:\/\/torrentstlc.com\/ca\/inici\"},{\"@type\":\"ListItem\",\"position\":2,\"name\":\"Serveis\",\"item\":\"https:\/\/torrentstlc.com\/ca\/serveis\"},{\"@type\":\"ListItem\",\"position\":3,\"name\":\"Law\"}]},{\"@type\":\"WebSite\",\"@id\":\"https:\/\/torrentstlc.com\/ca#website\",\"url\":\"https:\/\/torrentstlc.com\/ca\",\"name\":\"Torrents Law and Customs\",\"description\":\"Comercio exterior e internacionalizaci\u00f3n\",\"potentialAction\":[{\"@type\":\"SearchAction\",\"target\":{\"@type\":\"EntryPoint\",\"urlTemplate\":\"https:\/\/torrentstlc.com\/ca?s={search_term_string}\"},\"query-input\":{\"@type\":\"PropertyValueSpecification\",\"valueRequired\":true,\"valueName\":\"search_term_string\"}}],\"inLanguage\":\"ca\"}]}<\/script>\n<!-- \/ Yoast SEO plugin. -->","yoast_head_json":{"title":"Law - Torrents Law and Customs","robots":{"index":"index","follow":"follow","max-snippet":"max-snippet:-1","max-image-preview":"max-image-preview:large","max-video-preview":"max-video-preview:-1"},"canonical":"https:\/\/torrentstlc.com\/ca\/serveis\/law","og_locale":"ca_ES","og_type":"article","og_title":"Law - Torrents Law and Customs","og_description":"[vc_row css_animation=&#8221;&#8221; row_type=&#8221;row&#8221; use_row_as_full_screen_section=&#8221;no&#8221; type=&#8221;full_width&#8221; angled_section=&#8221;no&#8221; text_align=&#8221;left&#8221; background_image_as_pattern=&#8221;without_pattern&#8221; z_index=&#8221;&#8221; padding_top=&#8221;84&#8243; padding_bottom=&#8221;84&#8243;][vc_column][vc_row_inner row_type=&#8221;row&#8221; type=&#8221;full_width&#8221; text_align=&#8221;center&#8221; css_animation=&#8221;&#8221;][vc_column_inner width=&#8221;1\/5&#8243;][\/vc_column_inner][vc_column_inner width=&#8221;1\/5&#8243;][\/vc_column_inner][vc_column_inner width=&#8221;1\/5&#8243;][vc_column_text] L Law [\/vc_column_text][vc_separator type=&#8221;transparent&#8221; thickness=&#8221;24&#8243;][\/vc_column_inner][vc_column_inner width=&#8221;1\/5&#8243;][\/vc_column_inner][vc_column_inner width=&#8221;1\/5&#8243;][\/vc_column_inner][\/vc_row_inner][vc_row_inner row_type=&#8221;row&#8221; type=&#8221;grid&#8221; text_align=&#8221;center&#8221; css_animation=&#8221;&#8221;][vc_column_inner width=&#8221;1\/6&#8243;][\/vc_column_inner][vc_column_inner width=&#8221;2\/3&#8243;][vc_column_text] Serveis jur\u00eddics &nbsp; Posem al teu abast un servei d&#8217;assessorament jur\u00eddic internacional que t&#8217;ofereix...","og_url":"https:\/\/torrentstlc.com\/ca\/serveis\/law","og_site_name":"Torrents Law and Customs","article_modified_time":"2021-04-25T09:34:39+00:00","twitter_card":"summary_large_image","twitter_misc":{"Temps estimat de lectura":"4 minuts"},"schema":{"@context":"https:\/\/schema.org","@graph":[{"@type":"WebPage","@id":"https:\/\/torrentstlc.com\/ca\/serveis\/law","url":"https:\/\/torrentstlc.com\/ca\/serveis\/law","name":"Law - Torrents Law and Customs","isPartOf":{"@id":"https:\/\/torrentstlc.com\/ca#website"},"datePublished":"2020-11-08T11:16:50+00:00","dateModified":"2021-04-25T09:34:39+00:00","breadcrumb":{"@id":"https:\/\/torrentstlc.com\/ca\/serveis\/law#breadcrumb"},"inLanguage":"ca","potentialAction":[{"@type":"ReadAction","target":["https:\/\/torrentstlc.com\/ca\/serveis\/law"]}]},{"@type":"BreadcrumbList","@id":"https:\/\/torrentstlc.com\/ca\/serveis\/law#breadcrumb","itemListElement":[{"@type":"ListItem","position":1,"name":"Portada","item":"https:\/\/torrentstlc.com\/ca\/inici"},{"@type":"ListItem","position":2,"name":"Serveis","item":"https:\/\/torrentstlc.com\/ca\/serveis"},{"@type":"ListItem","position":3,"name":"Law"}]},{"@type":"WebSite","@id":"https:\/\/torrentstlc.com\/ca#website","url":"https:\/\/torrentstlc.com\/ca","name":"Torrents Law and Customs","description":"Comercio exterior e internacionalizaci\u00f3n","potentialAction":[{"@type":"SearchAction","target":{"@type":"EntryPoint","urlTemplate":"https:\/\/torrentstlc.com\/ca?s={search_term_string}"},"query-input":{"@type":"PropertyValueSpecification","valueRequired":true,"valueName":"search_term_string"}}],"inLanguage":"ca"}]}},"_links":{"self":[{"href":"https:\/\/torrentstlc.com\/ca\/wp-json\/wp\/v2\/pages\/2166"}],"collection":[{"href":"https:\/\/torrentstlc.com\/ca\/wp-json\/wp\/v2\/pages"}],"about":[{"href":"https:\/\/torrentstlc.com\/ca\/wp-json\/wp\/v2\/types\/page"}],"author":[{"embeddable":true,"href":"https:\/\/torrentstlc.com\/ca\/wp-json\/wp\/v2\/users\/1"}],"replies":[{"embeddable":true,"href":"https:\/\/torrentstlc.com\/ca\/wp-json\/wp\/v2\/comments?post=2166"}],"version-history":[{"count":5,"href":"https:\/\/torrentstlc.com\/ca\/wp-json\/wp\/v2\/pages\/2166\/revisions"}],"predecessor-version":[{"id":2171,"href":"https:\/\/torrentstlc.com\/ca\/wp-json\/wp\/v2\/pages\/2166\/revisions\/2171"}],"up":[{"embeddable":true,"href":"https:\/\/torrentstlc.com\/ca\/wp-json\/wp\/v2\/pages\/1590"}],"wp:attachment":[{"href":"https:\/\/torrentstlc.com\/ca\/wp-json\/wp\/v2\/media?parent=2166"}],"curies":[{"name":"wp","href":"https:\/\/api.w.org\/{rel}","templated":true}]}}