{"id":1457,"date":"2020-11-07T16:41:13","date_gmt":"2020-11-07T16:41:13","guid":{"rendered":"https:\/\/torrentstlc.com\/about-us"},"modified":"2021-09-08T07:19:15","modified_gmt":"2021-09-08T07:19:15","slug":"about-us","status":"publish","type":"page","link":"https:\/\/torrentstlc.com\/en\/about-us","title":{"rendered":"About us"},"content":{"rendered":"<p>[vc_row css_animation=&#8221;&#8221; row_type=&#8221;row&#8221; use_row_as_full_screen_section=&#8221;no&#8221; type=&#8221;full_width&#8221; angled_section=&#8221;no&#8221; text_align=&#8221;left&#8221; background_image_as_pattern=&#8221;without_pattern&#8221; z_index=&#8221;&#8221; padding_top=&#8221;84&#8243; padding_bottom=&#8221;84&#8243;][vc_column][vc_row_inner row_type=&#8221;row&#8221; type=&#8221;grid&#8221; text_align=&#8221;center&#8221; css_animation=&#8221;&#8221;][vc_column_inner width=&#8221;1\/6&#8243;][\/vc_column_inner][vc_column_inner width=&#8221;2\/3&#8243;][vc_column_text]<\/p>\n<h2>Talent, team, commitment and passion<\/h2>\n<p>&nbsp;<\/p>\n<p>Qualified and proactive team shares the same values: <span style=\"color: #a893ff;\"><strong>commitment, passion and technical knowledge.<\/strong><\/span><\/p>\n<p>&nbsp;<\/p>\n<p>Our firm is composed of lawyers, customs representatives and multidisciplinary consultants specialized in international legal advice on foreign trade, customs law, commercial and tax law, oriented to results that allow companies to optimize business resources to promote competitiveness, innovation in procedures and cost savings<\/p>\n<p>&nbsp;<\/p>\n<p>Comprehensive support from design to completion of operations focusing on different fields with a multitude of variables and impact on different business areas. We use all the technological and human means at our disposal for the sake of quality, immediacy and efficiency of our services. Specialists in all those legal aspects that concern international trade.[\/vc_column_text][\/vc_column_inner][vc_column_inner width=&#8221;1\/6&#8243;][\/vc_column_inner][\/vc_row_inner][\/vc_column][\/vc_row][vc_row css_animation=&#8221;&#8221; row_type=&#8221;row&#8221; use_row_as_full_screen_section=&#8221;no&#8221; type=&#8221;full_width&#8221; angled_section=&#8221;no&#8221; text_align=&#8221;left&#8221; background_image_as_pattern=&#8221;without_pattern&#8221; z_index=&#8221;&#8221; background_color=&#8221;#a893ff&#8221; padding_top=&#8221;84&#8243; padding_bottom=&#8221;24&#8243;][vc_column][vc_row_inner row_type=&#8221;row&#8221; type=&#8221;grid&#8221; text_align=&#8221;center&#8221; css_animation=&#8221;&#8221;][vc_column_inner width=&#8221;1\/5&#8243;]<div class='q_icon_with_title medium normal_icon center '><div class=\"icon_holder \" style=\" \"><span data-icon-type=\"normal\"   style=\"\" class=\"qode_iwt_icon_holder q_font_awsome_icon fa-3x  \"><i class=\"qode_icon_font_awesome_5 fa5 fa fa-graduation-cap qode_iwt_icon_element\" style=\"color: #000000;\" ><\/i><\/span><\/div><div class=\"icon_text_holder\" style=\"\"><div class=\"icon_text_inner\" style=\"\"><h5 class=\"icon_title\" style=\"color: #000000;\">Expertise<\/h5><p style='color: #000000'>Trained professionals with great experience and personalized service<\/p><\/div><\/div><\/div>[vc_separator type=&#8221;transparent&#8221; thickness=&#8221;24&#8243;][\/vc_column_inner][vc_column_inner width=&#8221;1\/5&#8243;]<div class='q_icon_with_title medium normal_icon center '><div class=\"icon_holder \" style=\" \"><span data-icon-type=\"normal\"   style=\"\" class=\"qode_iwt_icon_holder q_font_awsome_icon fa-3x  \"><i class=\"qode_icon_font_awesome_5 fa5 fa fa-search-plus qode_iwt_icon_element\" style=\"color: #000000;\" ><\/i><\/span><\/div><div class=\"icon_text_holder\" style=\"\"><div class=\"icon_text_inner\" style=\"\"><h5 class=\"icon_title\" style=\"color: #000000;\">Effort<\/h5><p style='color: #000000'>We work to find solutions to become your travel partners<\/p><\/div><\/div><\/div>[vc_separator type=&#8221;transparent&#8221; thickness=&#8221;24&#8243;][\/vc_column_inner][vc_column_inner width=&#8221;1\/5&#8243;]<div class='q_icon_with_title medium normal_icon center '><div class=\"icon_holder \" style=\" \"><span data-icon-type=\"normal\"   style=\"\" class=\"qode_iwt_icon_holder q_font_awsome_icon fa-3x  \"><i class=\"qode_icon_font_awesome_5 fa5 fa fa-exchange-alt qode_iwt_icon_element\" style=\"color: #000000;\" ><\/i><\/span><\/div><div class=\"icon_text_holder\" style=\"\"><div class=\"icon_text_inner\" style=\"\"><h5 class=\"icon_title\" style=\"color: #000000;\">Optimism<\/h5><p style='color: #000000'>Motivated and eager to transform challenges into opportunities for improvement<\/p><\/div><\/div><\/div>[vc_separator type=&#8221;transparent&#8221; thickness=&#8221;24&#8243;][\/vc_column_inner][vc_column_inner width=&#8221;1\/5&#8243;]<div class='q_icon_with_title medium normal_icon center '><div class=\"icon_holder \" style=\" \"><span data-icon-type=\"normal\"   style=\"\" class=\"qode_iwt_icon_holder q_font_awsome_icon fa-3x  \"><i class=\"qode_icon_font_awesome_5 fa5 fa fa-user-shield qode_iwt_icon_element\" style=\"color: #000000;\" ><\/i><\/span><\/div><div class=\"icon_text_holder\" style=\"\"><div class=\"icon_text_inner\" style=\"\"><h5 class=\"icon_title\" style=\"color: #000000;\">Diligence<\/h5><p style='color: #000000'>Guarantee legality in procedures to avoid risks<\/p><\/div><\/div><\/div>[vc_separator type=&#8221;transparent&#8221; thickness=&#8221;24&#8243;][\/vc_column_inner][vc_column_inner width=&#8221;1\/5&#8243;]<div class='q_icon_with_title medium normal_icon center '><div class=\"icon_holder \" style=\" \"><span data-icon-type=\"normal\"   style=\"\" class=\"qode_iwt_icon_holder q_font_awsome_icon fa-3x  \"><i class=\"qode_icon_font_awesome_5 fa5 fa fa-hands-helping qode_iwt_icon_element\" style=\"color: #000000;\" ><\/i><\/span><\/div><div class=\"icon_text_holder\" style=\"\"><div class=\"icon_text_inner\" style=\"\"><h5 class=\"icon_title\" style=\"color: #000000;\">Committed<\/h5><p style='color: #000000'>Your success is our success, we respond to your expectations<\/p><\/div><\/div><\/div>[vc_separator type=&#8221;transparent&#8221; thickness=&#8221;24&#8243;][\/vc_column_inner][\/vc_row_inner][vc_row_inner row_type=&#8221;row&#8221; type=&#8221;grid&#8221; text_align=&#8221;center&#8221; css_animation=&#8221;&#8221;][vc_column_inner width=&#8221;1\/5&#8243;]<div class='q_icon_with_title medium normal_icon center '><div class=\"icon_holder \" style=\" \"><span data-icon-type=\"normal\"   style=\"\" class=\"qode_iwt_icon_holder q_font_awsome_icon fa-3x  \"><i class=\"qode_icon_font_awesome_5 fa5 fa fa-sync qode_iwt_icon_element\" style=\"color: #000000;\" ><\/i><\/span><\/div><div class=\"icon_text_holder\" style=\"\"><div class=\"icon_text_inner\" style=\"\"><h5 class=\"icon_title\" style=\"color: #000000;\">Cross<\/h5><p style='color: #000000'>Multidisciplinary team to provide a global response to the challenges that arise and their collateral effects<\/p><\/div><\/div><\/div>[vc_separator type=&#8221;transparent&#8221; thickness=&#8221;24&#8243;][\/vc_column_inner][vc_column_inner width=&#8221;1\/5&#8243;]<div class='q_icon_with_title medium normal_icon center '><div class=\"icon_holder \" style=\" \"><span data-icon-type=\"normal\"   style=\"\" class=\"qode_iwt_icon_holder q_font_awsome_icon fa-3x  \"><i class=\"qode_icon_font_awesome_5 fa5 fa fa-hourglass-half qode_iwt_icon_element\" style=\"color: #000000;\" ><\/i><\/span><\/div><div class=\"icon_text_holder\" style=\"\"><div class=\"icon_text_inner\" style=\"\"><h5 class=\"icon_title\" style=\"color: #000000;\">Efficient<\/h5><p style='color: #000000'>Practical solutions from the technical and legal field<\/p><\/div><\/div><\/div>[vc_separator type=&#8221;transparent&#8221; thickness=&#8221;24&#8243;][\/vc_column_inner][vc_column_inner width=&#8221;1\/5&#8243;]<div class='q_icon_with_title medium normal_icon center '><div class=\"icon_holder \" style=\" \"><span data-icon-type=\"normal\"   style=\"\" class=\"qode_iwt_icon_holder q_font_awsome_icon fa-3x  \"><i class=\"qode_icon_font_awesome_5 fa5 fa fa-chess-knight qode_iwt_icon_element\" style=\"color: #000000;\" ><\/i><\/span><\/div><div class=\"icon_text_holder\" style=\"\"><div class=\"icon_text_inner\" style=\"\"><h5 class=\"icon_title\" style=\"color: #000000;\">Anticipate<\/h5><p style='color: #000000'>Strategy and innovation design as the key to progress and success<\/p><\/div><\/div><\/div>[vc_separator type=&#8221;transparent&#8221; thickness=&#8221;24&#8243;][\/vc_column_inner][vc_column_inner width=&#8221;1\/5&#8243;]<div class='q_icon_with_title medium normal_icon center '><div class=\"icon_holder \" style=\" \"><span data-icon-type=\"normal\"   style=\"\" class=\"qode_iwt_icon_holder q_font_awsome_icon fa-3x  \"><i class=\"qode_icon_font_awesome_5 fa5 fa fa-gem qode_iwt_icon_element\" style=\"color: #000000;\" ><\/i><\/span><\/div><div class=\"icon_text_holder\" style=\"\"><div class=\"icon_text_inner\" style=\"\"><h5 class=\"icon_title\" style=\"color: #000000;\">Quality<\/h5><p style='color: #000000'>Long-term and sustainable growth goal<\/p><\/div><\/div><\/div>[vc_separator type=&#8221;transparent&#8221; thickness=&#8221;24&#8243;][\/vc_column_inner][vc_column_inner width=&#8221;1\/5&#8243;]<div class='q_icon_with_title medium normal_icon center '><div class=\"icon_holder \" style=\" \"><span data-icon-type=\"normal\"   style=\"\" class=\"qode_iwt_icon_holder q_font_awsome_icon fa-3x  \"><i class=\"qode_icon_font_awesome_5 fa5 fa fa-water qode_iwt_icon_element\" style=\"color: #000000;\" ><\/i><\/span><\/div><div class=\"icon_text_holder\" style=\"\"><div class=\"icon_text_inner\" style=\"\"><h5 class=\"icon_title\" style=\"color: #000000;\">Flexible<\/h5><p style='color: #000000'>We listen your needs to offer customized solutions<\/p><\/div><\/div><\/div>[vc_separator type=&#8221;transparent&#8221; thickness=&#8221;24&#8243;][\/vc_column_inner][\/vc_row_inner][\/vc_column][\/vc_row][vc_row css_animation=&#8221;&#8221; row_type=&#8221;row&#8221; use_row_as_full_screen_section=&#8221;no&#8221; type=&#8221;full_width&#8221; angled_section=&#8221;no&#8221; text_align=&#8221;left&#8221; background_image_as_pattern=&#8221;without_pattern&#8221; z_index=&#8221;&#8221; padding_top=&#8221;84&#8243; padding_bottom=&#8221;84&#8243; background_color=&#8221;#ffffff&#8221;][vc_column][vc_row_inner row_type=&#8221;row&#8221; type=&#8221;grid&#8221; text_align=&#8221;center&#8221; css_animation=&#8221;&#8221;][vc_column_inner width=&#8221;1\/6&#8243;][\/vc_column_inner][vc_column_inner width=&#8221;2\/3&#8243;][vc_column_text]<\/p>\n<h2>OUR <span style=\"color: #a893ff;\">PARTNERS<\/span><\/h2>\n<p>[\/vc_column_text][\/vc_column_inner][vc_column_inner width=&#8221;1\/6&#8243;][\/vc_column_inner][\/vc_row_inner][vc_separator type=&#8221;transparent&#8221; thickness=&#8221;24&#8243;][vc_row_inner row_type=&#8221;row&#8221; type=&#8221;grid&#8221; text_align=&#8221;center&#8221; css_animation=&#8221;&#8221;][vc_column_inner][qode_clients columns=&#8221;five_columns&#8221; hover_effect=&#8221;default&#8221; disable_separators=&#8221;yes&#8221;][qode_client link_target=&#8221;_blank&#8221; image=&#8221;1943&#8243;][qode_client link_target=&#8221;_blank&#8221; image=&#8221;919&#8243; link=&#8221;https:\/\/campsadvocats.com\/&#8221;][qode_client link_target=&#8221;_blank&#8221; image=&#8221;923&#8243; link=&#8221;http:\/\/www.ferrergp.es\/es\/index.html&#8221;][qode_client link_target=&#8221;_blank&#8221; image=&#8221;920&#8243; link=&#8221;https:\/\/quantumeconomics.es\/&#8221;][qode_client link_target=&#8221;_blank&#8221; image=&#8221;2280&#8243; link=&#8221;https:\/\/taxbackinternational.com\/&#8221;][\/qode_clients][\/vc_column_inner][\/vc_row_inner][\/vc_column][\/vc_row][vc_row css_animation=&#8221;&#8221; row_type=&#8221;row&#8221; use_row_as_full_screen_section=&#8221;no&#8221; type=&#8221;full_width&#8221; angled_section=&#8221;no&#8221; text_align=&#8221;left&#8221; background_image_as_pattern=&#8221;without_pattern&#8221; z_index=&#8221;&#8221; padding_top=&#8221;240&#8243; padding_bottom=&#8221;240&#8243; background_image=&#8221;368&#8243;][vc_column][\/vc_column][\/vc_row][vc_row css_animation=&#8221;&#8221; row_type=&#8221;row&#8221; use_row_as_full_screen_section=&#8221;no&#8221; type=&#8221;full_width&#8221; angled_section=&#8221;no&#8221; text_align=&#8221;left&#8221; background_image_as_pattern=&#8221;without_pattern&#8221; z_index=&#8221;&#8221; padding_top=&#8221;84&#8243; padding_bottom=&#8221;84&#8243;][vc_column][vc_row_inner row_type=&#8221;row&#8221; type=&#8221;grid&#8221; text_align=&#8221;center&#8221; css_animation=&#8221;&#8221;][vc_column_inner width=&#8221;1\/6&#8243;][\/vc_column_inner][vc_column_inner width=&#8221;2\/3&#8243;][vc_column_text]<\/p>\n<h2>Contact<\/h2>\n<p>&nbsp;<\/p>\n<p>We use all the technological and human means at our disposal for the sake of the quality, immediacy and efficiency of our services. Specialists in all those legal aspects that concern international trade.[\/vc_column_text][\/vc_column_inner][vc_column_inner width=&#8221;1\/6&#8243;][\/vc_column_inner][\/vc_row_inner][vc_separator type=&#8221;transparent&#8221; thickness=&#8221;48&#8243;][vc_row_inner row_type=&#8221;row&#8221; type=&#8221;grid&#8221; text_align=&#8221;left&#8221; css_animation=&#8221;&#8221;][vc_column_inner width=&#8221;1\/3&#8243;]<div class=\"q_icon_list\"><i class=\"qode_icon_font_awesome fa fa-location-arrow qode-ili-icon-holder circle\" style=\"color: #ffffff;background-color: #a893ff;\" ><\/i><p style=\"font-size: 16px;font-weight: 600;\">Address<\/p><\/div>[vc_column_text]<a href=\"https:\/\/goo.gl\/maps\/AQ99Rm6JqqtN3nJm9\" target=\"_blank\" rel=\"noopener noreferrer\">C\/de la Rep\u00fablica, 6, 08202, Sabadell<\/a>[\/vc_column_text][vc_separator type=&#8221;transparent&#8221; thickness=&#8221;12&#8243;]<div class=\"q_icon_list\"><i class=\"qode_icon_font_awesome fa fa-mobile qode-ili-icon-holder circle\" style=\"color: #ffffff;background-color: #a893ff;\" ><\/i><p style=\"font-size: 16px;font-weight: 600;\">Mobile phone<\/p><\/div>[vc_column_text]647 327 182[\/vc_column_text][vc_separator type=&#8221;transparent&#8221; thickness=&#8221;12&#8243;]<div class=\"q_icon_list\"><i class=\"qode_icon_font_awesome fa fa-phone qode-ili-icon-holder circle\" style=\"color: #ffffff;background-color: #a893ff;\" ><\/i><p style=\"font-size: 16px;font-weight: 600;\">Phone<\/p><\/div>[vc_column_text](+34) 93 727 03 60[\/vc_column_text][vc_separator type=&#8221;transparent&#8221; thickness=&#8221;12&#8243;]<div class=\"q_icon_list\"><i class=\"qode_icon_font_awesome fa fa-envelope qode-ili-icon-holder circle\" style=\"color: #ffffff;background-color: #a893ff;\" ><\/i><p style=\"font-size: 16px;font-weight: 600;\">Email<\/p><\/div>[vc_column_text]internacional@torrentstlc.com[\/vc_column_text][vc_separator type=&#8221;transparent&#8221; thickness=&#8221;12&#8243;][\/vc_column_inner][vc_column_inner width=&#8221;2\/3&#8243;]\n<div class=\"wpcf7 no-js\" id=\"wpcf7-f141-o1\" lang=\"es-ES\" dir=\"ltr\">\n<div class=\"screen-reader-response\"><p role=\"status\" aria-live=\"polite\" aria-atomic=\"true\"><\/p> <ul><\/ul><\/div>\n<form action=\"\/en\/wp-json\/wp\/v2\/pages\/1457#wpcf7-f141-o1\" method=\"post\" class=\"wpcf7-form init cf7_custom_style_1\" aria-label=\"Formulario de contacto\" novalidate=\"novalidate\" data-status=\"init\">\n<div style=\"display: none;\">\n<input type=\"hidden\" name=\"_wpcf7\" value=\"141\" \/>\n<input type=\"hidden\" name=\"_wpcf7_version\" value=\"5.9.8\" \/>\n<input type=\"hidden\" name=\"_wpcf7_locale\" value=\"es_ES\" \/>\n<input type=\"hidden\" name=\"_wpcf7_unit_tag\" value=\"wpcf7-f141-o1\" \/>\n<input type=\"hidden\" name=\"_wpcf7_container_post\" value=\"0\" \/>\n<input type=\"hidden\" name=\"_wpcf7_posted_data_hash\" value=\"\" \/>\n<input type=\"hidden\" name=\"_wpcf7_recaptcha_response\" value=\"\" \/>\n<\/div>\n<p><label> Tu nombre<br \/>\n<span class=\"wpcf7-form-control-wrap\" data-name=\"your-name\"><input size=\"40\" maxlength=\"400\" class=\"wpcf7-form-control wpcf7-text wpcf7-validates-as-required\" aria-required=\"true\" aria-invalid=\"false\" value=\"\" type=\"text\" name=\"your-name\" \/><\/span> <\/label>\n<\/p>\n<p><label> Tu correo electr\u00f3nico<br \/>\n<span class=\"wpcf7-form-control-wrap\" data-name=\"your-email\"><input size=\"40\" maxlength=\"400\" class=\"wpcf7-form-control wpcf7-email wpcf7-validates-as-required wpcf7-text wpcf7-validates-as-email\" aria-required=\"true\" aria-invalid=\"false\" value=\"\" type=\"email\" name=\"your-email\" \/><\/span> <\/label>\n<\/p>\n<p><label> Tel\u00e9fono<br \/>\n<span class=\"wpcf7-form-control-wrap\" data-name=\"tel-939\"><input size=\"40\" maxlength=\"400\" class=\"wpcf7-form-control wpcf7-tel wpcf7-text wpcf7-validates-as-tel\" aria-invalid=\"false\" value=\"\" type=\"tel\" name=\"tel-939\" \/><\/span> <\/label>\n<\/p>\n<p><label> Asunto<br \/>\n<span class=\"wpcf7-form-control-wrap\" data-name=\"your-subject\"><input size=\"40\" maxlength=\"400\" class=\"wpcf7-form-control wpcf7-text wpcf7-validates-as-required\" aria-required=\"true\" aria-invalid=\"false\" value=\"\" type=\"text\" name=\"your-subject\" \/><\/span> <\/label>\n<\/p>\n<p><label> Tu mensaje<br \/>\n<span class=\"wpcf7-form-control-wrap\" data-name=\"your-message\"><textarea cols=\"40\" rows=\"10\" maxlength=\"2000\" class=\"wpcf7-form-control wpcf7-textarea wpcf7-validates-as-required\" aria-required=\"true\" aria-invalid=\"false\" name=\"your-message\"><\/textarea><\/span> <\/label>\n<\/p>\n<p><span class=\"wpcf7-form-control-wrap\" data-name=\"acceptance-696\"><span class=\"wpcf7-form-control wpcf7-acceptance\"><span class=\"wpcf7-list-item\"><label><input type=\"checkbox\" name=\"acceptance-696\" value=\"1\" aria-invalid=\"false\" \/><span class=\"wpcf7-list-item-label\">Al hacer click en ENVIAR declara conocer, entender y aceptar la pol\u00edtica de privacidad<\/span><\/label><\/span><\/span><\/span>\n<\/p>\n<p style=\"text-align: justify; font-size: .8rem\"><br \/>\nEl responsable del tratamiento de sus datos personales es TORRENTS LAW&CUSTOMS, S.L.P., quien los tratar\u00e1 con la finalidad de gestionar su consulta y\/o petici\u00f3n de informaci\u00f3n, as\u00ed como para gestionar los env\u00edos de comunicaciones comerciales, incluyendo el env\u00edo de informaci\u00f3n sobre novedades legales y eventos promovidos, sobre la base de Inter\u00e9s leg\u00edtimo y a la relaci\u00f3n contractual de prestaci\u00f3n de servicios, aun cuando el servicio solicitado sea gratuito. Los datos se conservar\u00e1n el tiempo necesario para hasta la resoluci\u00f3n de su solicitud de informaci\u00f3n o mientras perdure la relaci\u00f3n comercial. No se ceder\u00e1n sus datos personales a terceros salvo obligaci\u00f3n legal ni se realizar\u00e1n transferencia internacional de datos. TORRENTS LAW&CUSTOMS, S.L.P implementar\u00e1 medidas t\u00e9cnicas y organizativas adecuadas para garantizar la seguridad de sus datos Usted podr\u00e1 ejercitar los derechos de acceso, rectificaci\u00f3n o supresi\u00f3n, oposici\u00f3n, limitaci\u00f3n del tratamiento y portabilidad reconocidos en la normativa vigente en cualquier momento de conformidad con nuestra <a href=\"https:\/\/torrentstlc.com\/politica-de-proteccion-de-datos\" target=\"_blank\">Pol\u00edtica de protecci\u00f3n de datos<\/a>\n<\/p>\n<p><input class=\"wpcf7-form-control wpcf7-submit has-spinner\" type=\"submit\" value=\"Enviar\" \/>\n<\/p><div class=\"wpcf7-response-output\" aria-hidden=\"true\"><\/div>\n<\/form>\n<\/div>\n[\/vc_column_inner][\/vc_row_inner][\/vc_column][\/vc_row]<\/p>\n","protected":false},"excerpt":{"rendered":"<p>[vc_row css_animation=&#8221;&#8221; row_type=&#8221;row&#8221; use_row_as_full_screen_section=&#8221;no&#8221; type=&#8221;full_width&#8221; angled_section=&#8221;no&#8221; text_align=&#8221;left&#8221; background_image_as_pattern=&#8221;without_pattern&#8221; z_index=&#8221;&#8221; padding_top=&#8221;84&#8243; padding_bottom=&#8221;84&#8243;][vc_column][vc_row_inner row_type=&#8221;row&#8221; type=&#8221;grid&#8221; text_align=&#8221;center&#8221; css_animation=&#8221;&#8221;][vc_column_inner width=&#8221;1\/6&#8243;][\/vc_column_inner][vc_column_inner width=&#8221;2\/3&#8243;][vc_column_text] Talent, team, commitment and passion &nbsp; Qualified and proactive team shares the same values: commitment, passion and technical knowledge. &nbsp; Our firm is composed of lawyers, customs representatives&#8230;<\/p>\n","protected":false},"author":1,"featured_media":0,"parent":0,"menu_order":0,"comment_status":"closed","ping_status":"closed","template":"full_width.php","meta":{"footnotes":""},"class_list":["post-1457","page","type-page","status-publish","hentry"],"yoast_head":"<!-- This site is optimized with the Yoast SEO plugin v23.4 - https:\/\/yoast.com\/wordpress\/plugins\/seo\/ -->\n<title>About us - Torrents Law and Customs<\/title>\n<meta name=\"robots\" content=\"index, follow, max-snippet:-1, max-image-preview:large, max-video-preview:-1\" \/>\n<link rel=\"canonical\" href=\"https:\/\/torrentstlc.com\/en\/about-us\" \/>\n<meta property=\"og:locale\" content=\"en_US\" \/>\n<meta property=\"og:type\" content=\"article\" \/>\n<meta property=\"og:title\" content=\"About us - Torrents Law and Customs\" \/>\n<meta property=\"og:description\" content=\"[vc_row css_animation=&#8221;&#8221; row_type=&#8221;row&#8221; use_row_as_full_screen_section=&#8221;no&#8221; type=&#8221;full_width&#8221; angled_section=&#8221;no&#8221; text_align=&#8221;left&#8221; background_image_as_pattern=&#8221;without_pattern&#8221; z_index=&#8221;&#8221; padding_top=&#8221;84&#8243; padding_bottom=&#8221;84&#8243;][vc_column][vc_row_inner row_type=&#8221;row&#8221; type=&#8221;grid&#8221; text_align=&#8221;center&#8221; css_animation=&#8221;&#8221;][vc_column_inner width=&#8221;1\/6&#8243;][\/vc_column_inner][vc_column_inner width=&#8221;2\/3&#8243;][vc_column_text] Talent, team, commitment and passion &nbsp; Qualified and proactive team shares the same values: commitment, passion and technical knowledge. &nbsp; Our firm is composed of lawyers, customs representatives...\" \/>\n<meta property=\"og:url\" content=\"https:\/\/torrentstlc.com\/en\/about-us\" \/>\n<meta property=\"og:site_name\" content=\"Torrents Law and Customs\" \/>\n<meta property=\"article:modified_time\" content=\"2021-09-08T07:19:15+00:00\" \/>\n<meta name=\"twitter:card\" content=\"summary_large_image\" \/>\n<meta name=\"twitter:label1\" content=\"Est. reading time\" \/>\n\t<meta name=\"twitter:data1\" content=\"7 minutes\" \/>\n<script type=\"application\/ld+json\" class=\"yoast-schema-graph\">{\"@context\":\"https:\/\/schema.org\",\"@graph\":[{\"@type\":\"WebPage\",\"@id\":\"https:\/\/torrentstlc.com\/en\/about-us\",\"url\":\"https:\/\/torrentstlc.com\/en\/about-us\",\"name\":\"About us - Torrents Law and Customs\",\"isPartOf\":{\"@id\":\"https:\/\/torrentstlc.com\/en#website\"},\"datePublished\":\"2020-11-07T16:41:13+00:00\",\"dateModified\":\"2021-09-08T07:19:15+00:00\",\"breadcrumb\":{\"@id\":\"https:\/\/torrentstlc.com\/en\/about-us#breadcrumb\"},\"inLanguage\":\"en-US\",\"potentialAction\":[{\"@type\":\"ReadAction\",\"target\":[\"https:\/\/torrentstlc.com\/en\/about-us\"]}]},{\"@type\":\"BreadcrumbList\",\"@id\":\"https:\/\/torrentstlc.com\/en\/about-us#breadcrumb\",\"itemListElement\":[{\"@type\":\"ListItem\",\"position\":1,\"name\":\"Portada\",\"item\":\"https:\/\/torrentstlc.com\/en\"},{\"@type\":\"ListItem\",\"position\":2,\"name\":\"About us\"}]},{\"@type\":\"WebSite\",\"@id\":\"https:\/\/torrentstlc.com\/en#website\",\"url\":\"https:\/\/torrentstlc.com\/en\",\"name\":\"Torrents Law and Customs\",\"description\":\"Comercio exterior e internacionalizaci\u00f3n\",\"potentialAction\":[{\"@type\":\"SearchAction\",\"target\":{\"@type\":\"EntryPoint\",\"urlTemplate\":\"https:\/\/torrentstlc.com\/en?s={search_term_string}\"},\"query-input\":{\"@type\":\"PropertyValueSpecification\",\"valueRequired\":true,\"valueName\":\"search_term_string\"}}],\"inLanguage\":\"en-US\"}]}<\/script>\n<!-- \/ Yoast SEO plugin. -->","yoast_head_json":{"title":"About us - Torrents Law and Customs","robots":{"index":"index","follow":"follow","max-snippet":"max-snippet:-1","max-image-preview":"max-image-preview:large","max-video-preview":"max-video-preview:-1"},"canonical":"https:\/\/torrentstlc.com\/en\/about-us","og_locale":"en_US","og_type":"article","og_title":"About us - Torrents Law and Customs","og_description":"[vc_row css_animation=&#8221;&#8221; row_type=&#8221;row&#8221; use_row_as_full_screen_section=&#8221;no&#8221; type=&#8221;full_width&#8221; angled_section=&#8221;no&#8221; text_align=&#8221;left&#8221; background_image_as_pattern=&#8221;without_pattern&#8221; z_index=&#8221;&#8221; padding_top=&#8221;84&#8243; padding_bottom=&#8221;84&#8243;][vc_column][vc_row_inner row_type=&#8221;row&#8221; type=&#8221;grid&#8221; text_align=&#8221;center&#8221; css_animation=&#8221;&#8221;][vc_column_inner width=&#8221;1\/6&#8243;][\/vc_column_inner][vc_column_inner width=&#8221;2\/3&#8243;][vc_column_text] Talent, team, commitment and passion &nbsp; Qualified and proactive team shares the same values: commitment, passion and technical knowledge. &nbsp; Our firm is composed of lawyers, customs representatives...","og_url":"https:\/\/torrentstlc.com\/en\/about-us","og_site_name":"Torrents Law and Customs","article_modified_time":"2021-09-08T07:19:15+00:00","twitter_card":"summary_large_image","twitter_misc":{"Est. reading time":"7 minutes"},"schema":{"@context":"https:\/\/schema.org","@graph":[{"@type":"WebPage","@id":"https:\/\/torrentstlc.com\/en\/about-us","url":"https:\/\/torrentstlc.com\/en\/about-us","name":"About us - Torrents Law and Customs","isPartOf":{"@id":"https:\/\/torrentstlc.com\/en#website"},"datePublished":"2020-11-07T16:41:13+00:00","dateModified":"2021-09-08T07:19:15+00:00","breadcrumb":{"@id":"https:\/\/torrentstlc.com\/en\/about-us#breadcrumb"},"inLanguage":"en-US","potentialAction":[{"@type":"ReadAction","target":["https:\/\/torrentstlc.com\/en\/about-us"]}]},{"@type":"BreadcrumbList","@id":"https:\/\/torrentstlc.com\/en\/about-us#breadcrumb","itemListElement":[{"@type":"ListItem","position":1,"name":"Portada","item":"https:\/\/torrentstlc.com\/en"},{"@type":"ListItem","position":2,"name":"About us"}]},{"@type":"WebSite","@id":"https:\/\/torrentstlc.com\/en#website","url":"https:\/\/torrentstlc.com\/en","name":"Torrents Law and Customs","description":"Comercio exterior e internacionalizaci\u00f3n","potentialAction":[{"@type":"SearchAction","target":{"@type":"EntryPoint","urlTemplate":"https:\/\/torrentstlc.com\/en?s={search_term_string}"},"query-input":{"@type":"PropertyValueSpecification","valueRequired":true,"valueName":"search_term_string"}}],"inLanguage":"en-US"}]}},"_links":{"self":[{"href":"https:\/\/torrentstlc.com\/en\/wp-json\/wp\/v2\/pages\/1457"}],"collection":[{"href":"https:\/\/torrentstlc.com\/en\/wp-json\/wp\/v2\/pages"}],"about":[{"href":"https:\/\/torrentstlc.com\/en\/wp-json\/wp\/v2\/types\/page"}],"author":[{"embeddable":true,"href":"https:\/\/torrentstlc.com\/en\/wp-json\/wp\/v2\/users\/1"}],"replies":[{"embeddable":true,"href":"https:\/\/torrentstlc.com\/en\/wp-json\/wp\/v2\/comments?post=1457"}],"version-history":[{"count":22,"href":"https:\/\/torrentstlc.com\/en\/wp-json\/wp\/v2\/pages\/1457\/revisions"}],"predecessor-version":[{"id":2316,"href":"https:\/\/torrentstlc.com\/en\/wp-json\/wp\/v2\/pages\/1457\/revisions\/2316"}],"wp:attachment":[{"href":"https:\/\/torrentstlc.com\/en\/wp-json\/wp\/v2\/media?parent=1457"}],"curies":[{"name":"wp","href":"https:\/\/api.w.org\/{rel}","templated":true}]}}